{"id":231181,"date":"2026-04-01T12:48:24","date_gmt":"2026-04-01T12:48:24","guid":{"rendered":"https:\/\/racing-radios.com\/?post_type=product&#038;p=231181"},"modified":"2026-04-01T12:48:49","modified_gmt":"2026-04-01T12:48:49","slug":"racing-radios-incar-wiring-harness-for-porsche-992-gt3","status":"publish","type":"product","link":"https:\/\/racing-radios.com\/fr\/produit\/racing-radios-incar-wiring-harness-for-porsche-992-gt3\/","title":{"rendered":"Racing Radios Incar Wiring Harness for Porsche 992 GT3"},"content":{"rendered":"<p>Harnais RACING RADIOS \/ Style CP200 \/ avec connecteur de casque IMSA.<\/p>","protected":false},"excerpt":{"rendered":"<p>Harnais de qualit\u00e9 sup\u00e9rieure Racing Radios . Fabriqu\u00e9 aux Etats-Unis pour  les kits de micro casque avec connecteur IMSA.<br \/>\net radios Motorola \u00e0 2 broches.<\/p>","protected":false},"featured_media":225324,"template":"","meta":[],"product_brand":[],"product_cat":[114],"product_tag":[449,450],"class_list":{"0":"post-231181","1":"product","2":"type-product","3":"status-publish","4":"has-post-thumbnail","6":"product_cat-incar-wiring-harness","7":"product_tag-incar-imsa-radio-harness","8":"product_tag-incar-wiring-harness","10":"first","11":"instock","12":"taxable","13":"shipping-taxable","14":"purchasable","15":"product-type-simple"},"aioseo_notices":[],"_links":{"self":[{"href":"https:\/\/racing-radios.com\/fr\/wp-json\/wp\/v2\/product\/231181","targetHints":{"allow":["GET"]}}],"collection":[{"href":"https:\/\/racing-radios.com\/fr\/wp-json\/wp\/v2\/product"}],"about":[{"href":"https:\/\/racing-radios.com\/fr\/wp-json\/wp\/v2\/types\/product"}],"version-history":[{"count":2,"href":"https:\/\/racing-radios.com\/fr\/wp-json\/wp\/v2\/product\/231181\/revisions"}],"predecessor-version":[{"id":231183,"href":"https:\/\/racing-radios.com\/fr\/wp-json\/wp\/v2\/product\/231181\/revisions\/231183"}],"wp:featuredmedia":[{"embeddable":true,"href":"https:\/\/racing-radios.com\/fr\/wp-json\/wp\/v2\/media\/225324"}],"wp:attachment":[{"href":"https:\/\/racing-radios.com\/fr\/wp-json\/wp\/v2\/media?parent=231181"}],"wp:term":[{"taxonomy":"product_brand","embeddable":true,"href":"https:\/\/racing-radios.com\/fr\/wp-json\/wp\/v2\/product_brand?post=231181"},{"taxonomy":"product_cat","embeddable":true,"href":"https:\/\/racing-radios.com\/fr\/wp-json\/wp\/v2\/product_cat?post=231181"},{"taxonomy":"product_tag","embeddable":true,"href":"https:\/\/racing-radios.com\/fr\/wp-json\/wp\/v2\/product_tag?post=231181"}],"curies":[{"name":"wp","href":"https:\/\/api.w.org\/{rel}","templated":true}]}}