{"id":228759,"date":"2024-02-06T03:10:17","date_gmt":"2024-02-06T03:10:17","guid":{"rendered":"https:\/\/racing-radios.com\/?post_type=product&#038;p=228759"},"modified":"2026-04-07T18:40:59","modified_gmt":"2026-04-07T18:40:59","slug":"motorola-r2-digital-radio","status":"publish","type":"product","link":"https:\/\/racing-radios.com\/fr\/produit\/motorola-r2-digital-radio\/","title":{"rendered":"Motorola R2 DIGITAL Radio"},"content":{"rendered":"<p>La radio Motorola R2 vous apporte une solution robuste pour vos communications d'\u00e9quipe de course. La radio vous offre plusieurs fonctionnalit\u00e9s dont le brouillage de conversations , La technologie Xpand pour un audio clair et puissant dans les environnements bruyants. Le tout dans un format compacte et leger. La radio R2 vous permet d'optimiser vos communications a un prix abordable<\/p>\n<p>Une radio Durable, La R2 Motorbo se veut un excellent choix pour les conditions difficiles des circuits de courses, Pluie \/ poussi\u00e8re . elle s'op\u00e8re facilement... m\u00eame avec des gants.<\/p>\n<p>\u00a0<\/p>\n<ul>\n<li>Radio Motorola R2 \/ UHF \/ 16 cannaux<\/li>\n<li>Chargeur rapide 90 minutes<\/li>\n<li>Batterie Motorola<\/li>\n<li>1 an de garantie<\/li>\n<\/ul>","protected":false},"excerpt":{"rendered":"<p>Motorola R2\/UHF Digital two-way radios<\/p>","protected":false},"featured_media":229003,"template":"","meta":[],"product_brand":[],"product_cat":[111],"product_tag":[151,284,285],"class_list":{"0":"post-228759","1":"product","2":"type-product","3":"status-publish","4":"has-post-thumbnail","6":"product_cat-motorola-portable-radios","7":"product_tag-motorola","8":"product_tag-motorola-r2-radio","9":"product_tag-two-way-radio","11":"first","12":"instock","13":"taxable","14":"shipping-taxable","15":"purchasable","16":"product-type-simple"},"aioseo_notices":[],"_links":{"self":[{"href":"https:\/\/racing-radios.com\/fr\/wp-json\/wp\/v2\/product\/228759","targetHints":{"allow":["GET"]}}],"collection":[{"href":"https:\/\/racing-radios.com\/fr\/wp-json\/wp\/v2\/product"}],"about":[{"href":"https:\/\/racing-radios.com\/fr\/wp-json\/wp\/v2\/types\/product"}],"version-history":[{"count":7,"href":"https:\/\/racing-radios.com\/fr\/wp-json\/wp\/v2\/product\/228759\/revisions"}],"predecessor-version":[{"id":229802,"href":"https:\/\/racing-radios.com\/fr\/wp-json\/wp\/v2\/product\/228759\/revisions\/229802"}],"wp:featuredmedia":[{"embeddable":true,"href":"https:\/\/racing-radios.com\/fr\/wp-json\/wp\/v2\/media\/229003"}],"wp:attachment":[{"href":"https:\/\/racing-radios.com\/fr\/wp-json\/wp\/v2\/media?parent=228759"}],"wp:term":[{"taxonomy":"product_brand","embeddable":true,"href":"https:\/\/racing-radios.com\/fr\/wp-json\/wp\/v2\/product_brand?post=228759"},{"taxonomy":"product_cat","embeddable":true,"href":"https:\/\/racing-radios.com\/fr\/wp-json\/wp\/v2\/product_cat?post=228759"},{"taxonomy":"product_tag","embeddable":true,"href":"https:\/\/racing-radios.com\/fr\/wp-json\/wp\/v2\/product_tag?post=228759"}],"curies":[{"name":"wp","href":"https:\/\/api.w.org\/{rel}","templated":true}]}}