{"id":227151,"date":"2021-04-18T13:33:08","date_gmt":"2021-04-18T13:33:08","guid":{"rendered":"https:\/\/racing-radios.com\/?post_type=product&#038;p=227151"},"modified":"2026-04-07T18:17:18","modified_gmt":"2026-04-07T18:17:18","slug":"formula-one-balaclava-mic-helmet-kit-for-pro-drivers-https-racing-radios-com-product-f1-balaclava-mic-helmet-kit","status":"publish","type":"product","link":"https:\/\/racing-radios.com\/fr\/produit\/formula-one-balaclava-mic-helmet-kit-for-pro-drivers-https-racing-radios-com-product-f1-balaclava-mic-helmet-kit\/","title":{"rendered":"F1 Balaclava Mic ultimate Helmet Kit"},"content":{"rendered":"<p>F1 Balaclava Mic ultimate Helmet Kit<\/p>","protected":false},"excerpt":{"rendered":"<p>Kit casque micro cagoule ultime de style F1 pour les pilotes professionnels \u00e0 la recherche du meilleur de l'industrie.<br \/>\nAvailable to mate with IMSA, NASCAR, MRTC, and European incar harnesses connectors.<\/p>\n<p>* n&#039;implique aucune modification sur le casque<br \/>\n* Cagoule approuv\u00e9e F1 avec pochette pour micro.<br \/>\n* C\u00e2bles de qualit\u00e9 militaire<br \/>\n* microphone \u00e9tanche antibruit haute performance<br \/>\n* Connecteurs \u00e9tanches \u00e0 la poussi\u00e8re et \u00e9tanches IP67 de grade F1<br \/>\n* easily removable microphone for washing.<br \/>\n* \u00c9couteurs moul\u00e9s sur mesure (empreintes auriculaires requises)<br \/>\n* Connecteur a d\u00e9connexion rapide au harnais<br \/>\n* To be used with any portable or mobile radios<\/p>","protected":false},"featured_media":228691,"template":"","meta":[],"product_brand":[],"product_cat":[121],"product_tag":[315,314],"class_list":{"0":"post-227151","1":"product","2":"type-product","3":"status-publish","4":"has-post-thumbnail","6":"product_cat-driver-helmet-kits","7":"product_tag-balaclava-mic","8":"product_tag-f1-helmet-kit","10":"first","11":"instock","12":"taxable","13":"shipping-taxable","14":"purchasable","15":"product-type-simple"},"aioseo_notices":[],"_links":{"self":[{"href":"https:\/\/racing-radios.com\/fr\/wp-json\/wp\/v2\/product\/227151","targetHints":{"allow":["GET"]}}],"collection":[{"href":"https:\/\/racing-radios.com\/fr\/wp-json\/wp\/v2\/product"}],"about":[{"href":"https:\/\/racing-radios.com\/fr\/wp-json\/wp\/v2\/types\/product"}],"version-history":[{"count":4,"href":"https:\/\/racing-radios.com\/fr\/wp-json\/wp\/v2\/product\/227151\/revisions"}],"predecessor-version":[{"id":229762,"href":"https:\/\/racing-radios.com\/fr\/wp-json\/wp\/v2\/product\/227151\/revisions\/229762"}],"wp:featuredmedia":[{"embeddable":true,"href":"https:\/\/racing-radios.com\/fr\/wp-json\/wp\/v2\/media\/228691"}],"wp:attachment":[{"href":"https:\/\/racing-radios.com\/fr\/wp-json\/wp\/v2\/media?parent=227151"}],"wp:term":[{"taxonomy":"product_brand","embeddable":true,"href":"https:\/\/racing-radios.com\/fr\/wp-json\/wp\/v2\/product_brand?post=227151"},{"taxonomy":"product_cat","embeddable":true,"href":"https:\/\/racing-radios.com\/fr\/wp-json\/wp\/v2\/product_cat?post=227151"},{"taxonomy":"product_tag","embeddable":true,"href":"https:\/\/racing-radios.com\/fr\/wp-json\/wp\/v2\/product_tag?post=227151"}],"curies":[{"name":"wp","href":"https:\/\/api.w.org\/{rel}","templated":true}]}}