{"id":226427,"date":"2021-02-12T02:59:40","date_gmt":"2021-02-12T02:59:40","guid":{"rendered":"http:\/\/racing-radios.com\/?post_type=product&#038;p=226427"},"modified":"2026-04-23T20:51:59","modified_gmt":"2026-04-23T20:51:59","slug":"motorola-ex600-analog-radio","status":"publish","type":"product","link":"https:\/\/racing-radios.com\/fr\/produit\/motorola-ex600-analog-radio\/","title":{"rendered":"Radio Motorola EX600XLS Analog"},"content":{"rendered":"<p>Radio Motorola EX600XLS Analog<\/p>","protected":false},"excerpt":{"rendered":"<div class=\"discounted_but_available\">Discontinu\u00e9 par Motorola mais disponible<\/div>\n<p>Puissance et versatilit\u00e9 sont les attributs de la radio EX600XLS. a seulement 9,5 onces, Cette radio a clavier s'av\u00e8re compacte et l\u00e9g\u00e8re et est devenu avec les ann\u00e9es, la favorite des SPOTTERS partout en Am\u00e9rique du nord.<sup>\u00ae<\/sup> and Conventional modes. User-friendly icons on the 14-character alphanumeric display provide clear, understandable information at a glance. This radio has become the &#8221; SPOTTER&#8217;s favorite&#8221; over the years.<\/p>\n<ul>\n<li>Motorola EX600XLS \/ UHF \/ 16 channels radio<\/li>\n<li>Chargeur rapide 90 minutes<\/li>\n<li>High capacity battery<\/li>\n<li>1 an de garantie<\/li>\n<\/ul>","protected":false},"featured_media":228744,"template":"","meta":[],"product_brand":[],"product_cat":[111],"product_tag":[323,322],"class_list":{"0":"post-226427","1":"product","2":"type-product","3":"status-publish","4":"has-post-thumbnail","6":"product_cat-motorola-portable-radios","7":"product_tag-ex600xls-two-way-radio","8":"product_tag-spotter-motorola-ex600","10":"first","11":"instock","12":"taxable","13":"shipping-taxable","14":"purchasable","15":"product-type-simple"},"aioseo_notices":[],"_links":{"self":[{"href":"https:\/\/racing-radios.com\/fr\/wp-json\/wp\/v2\/product\/226427","targetHints":{"allow":["GET"]}}],"collection":[{"href":"https:\/\/racing-radios.com\/fr\/wp-json\/wp\/v2\/product"}],"about":[{"href":"https:\/\/racing-radios.com\/fr\/wp-json\/wp\/v2\/types\/product"}],"version-history":[{"count":9,"href":"https:\/\/racing-radios.com\/fr\/wp-json\/wp\/v2\/product\/226427\/revisions"}],"predecessor-version":[{"id":229636,"href":"https:\/\/racing-radios.com\/fr\/wp-json\/wp\/v2\/product\/226427\/revisions\/229636"}],"wp:featuredmedia":[{"embeddable":true,"href":"https:\/\/racing-radios.com\/fr\/wp-json\/wp\/v2\/media\/228744"}],"wp:attachment":[{"href":"https:\/\/racing-radios.com\/fr\/wp-json\/wp\/v2\/media?parent=226427"}],"wp:term":[{"taxonomy":"product_brand","embeddable":true,"href":"https:\/\/racing-radios.com\/fr\/wp-json\/wp\/v2\/product_brand?post=226427"},{"taxonomy":"product_cat","embeddable":true,"href":"https:\/\/racing-radios.com\/fr\/wp-json\/wp\/v2\/product_cat?post=226427"},{"taxonomy":"product_tag","embeddable":true,"href":"https:\/\/racing-radios.com\/fr\/wp-json\/wp\/v2\/product_tag?post=226427"}],"curies":[{"name":"wp","href":"https:\/\/api.w.org\/{rel}","templated":true}]}}