{"id":225801,"date":"2021-01-24T03:06:26","date_gmt":"2021-01-24T03:06:26","guid":{"rendered":"http:\/\/racing-radios.com\/?post_type=product&#038;p=225801"},"modified":"2026-04-03T20:44:20","modified_gmt":"2026-04-03T20:44:20","slug":"complete-driver-crew-cheif-spotter-sportsman-radio-system","status":"publish","type":"product","link":"https:\/\/racing-radios.com\/fr\/produit\/complete-driver-crew-cheif-spotter-sportsman-radio-system\/","title":{"rendered":"Complete DRIVER \/ CREW CHEIF \/ SPOTTER MOTOROLA BPR40 UHF radio system"},"content":{"rendered":"<p>Complete DRIVER \/ CREW CHEIF \/ SPOTTER MOTOROLA BPR40 UHF radio system<\/p>","protected":false},"excerpt":{"rendered":"<p>Ce syst\u00e8me radio abordable pour 3 personnes est con\u00e7u pour les pistes ovales et fournit tout ce dont votre \u00e9quipe a besoin pour communiquer efficacement jusqu&#039;au drapeau \u00e0 damier.<\/p>\n<p>sont Inclus \u00a0:<\/p>\n<p><strong>POUR LA VOITURE\u00a0:<\/strong><\/p>\n<ul>\n<li>Radio Motorola BPR40 \/ UHF \/ 4 watts \/ 8 canaux<\/li>\n<li>Bo\u00eetier protecteur pour radio en aluminium Racing Radios<\/li>\n<li>Harnais auto \/ CP200D \/ connecteur de casque IMSA<\/li>\n<li>PTT velcro<\/li>\n<li>Antenne auto externe 1\/4 d'onde avec cable coaxial<\/li>\n<\/ul>\n<p><strong>POUR LE PILOTE<\/strong><\/p>\n<ul>\n<li>Kit de micro casque cable spiral\u00e9 \/ connecteur IMSA<\/li>\n<li>Ecouteurs pour pilote HMN7878 ( foam )<\/li>\n<\/ul>\n<p><strong>POUR L'\u00c9QUIPE<\/strong><\/p>\n<ul>\n<li>(2) Radios Motorola BPR40 \/ UHF \/ 4 watts \/ 8 canaux<\/li>\n<li>(2)Racing Radios BTH headsets<\/li>\n<li>(2) Ceinture en nylon Racing Radios<\/li>\n<li>Chargeurs rapides Motorola 90 min<\/li>\n<li>Malette de transport<\/li>\n<li>2 ans de garantie<\/li>\n<\/ul>\n<p>&nbsp;<\/p>","protected":false},"featured_media":225825,"template":"","meta":[],"product_brand":[],"product_cat":[73],"product_tag":[],"class_list":{"0":"post-225801","1":"product","2":"type-product","3":"status-publish","4":"has-post-thumbnail","6":"wc_square_synced-yes","7":"product_cat-complete-radio-system","9":"first","10":"instock","11":"taxable","12":"shipping-taxable","13":"purchasable","14":"product-type-simple"},"aioseo_notices":[],"_links":{"self":[{"href":"https:\/\/racing-radios.com\/fr\/wp-json\/wp\/v2\/product\/225801","targetHints":{"allow":["GET"]}}],"collection":[{"href":"https:\/\/racing-radios.com\/fr\/wp-json\/wp\/v2\/product"}],"about":[{"href":"https:\/\/racing-radios.com\/fr\/wp-json\/wp\/v2\/types\/product"}],"version-history":[{"count":5,"href":"https:\/\/racing-radios.com\/fr\/wp-json\/wp\/v2\/product\/225801\/revisions"}],"predecessor-version":[{"id":229774,"href":"https:\/\/racing-radios.com\/fr\/wp-json\/wp\/v2\/product\/225801\/revisions\/229774"}],"wp:featuredmedia":[{"embeddable":true,"href":"https:\/\/racing-radios.com\/fr\/wp-json\/wp\/v2\/media\/225825"}],"wp:attachment":[{"href":"https:\/\/racing-radios.com\/fr\/wp-json\/wp\/v2\/media?parent=225801"}],"wp:term":[{"taxonomy":"product_brand","embeddable":true,"href":"https:\/\/racing-radios.com\/fr\/wp-json\/wp\/v2\/product_brand?post=225801"},{"taxonomy":"product_cat","embeddable":true,"href":"https:\/\/racing-radios.com\/fr\/wp-json\/wp\/v2\/product_cat?post=225801"},{"taxonomy":"product_tag","embeddable":true,"href":"https:\/\/racing-radios.com\/fr\/wp-json\/wp\/v2\/product_tag?post=225801"}],"curies":[{"name":"wp","href":"https:\/\/api.w.org\/{rel}","templated":true}]}}