{"id":225792,"date":"2021-01-11T13:25:18","date_gmt":"2021-01-11T13:25:18","guid":{"rendered":"http:\/\/racing-radios.com\/?post_type=product&#038;p=225792"},"modified":"2026-04-14T20:45:59","modified_gmt":"2026-04-14T20:45:59","slug":"raceceiver-legend-sd1600-with-built-in-splitter-holster-battery","status":"publish","type":"product","link":"https:\/\/racing-radios.com\/fr\/produit\/raceceiver-legend-sd1600-with-built-in-splitter-holster-battery\/","title":{"rendered":"Raceceiver LEGEND SD1600 With built-in Splitter \/ Holster \/ Battery"},"content":{"rendered":"<p>Raceceiver LEGEND SD1600 With built-in Splitter \/ Holster \/ Battery<br \/>\nIdeal for listening to RACE DIRECTOR on any existing two-way radio systems.<\/p>","protected":false},"excerpt":{"rendered":"<div class=\"sc-fXeWgy hmFFGo yst-replacevar\">\n<div class=\"sc-hOGjNT sc-gUQueJ sc-hUplzm ghXohb eSdaFP fSpCek yst-replacevar__editor\">\n<div class=\"DraftEditor-root\">\n<div class=\"DraftEditor-editorContainer\">\n<div id=\"yoast-google-preview-description-metabox\" class=\"notranslate public-DraftEditor-content\" role=\"combobox\" aria-expanded=\"false\" aria-labelledby=\"replacement-variable-editor-field-15\">\n<div data-contents=\"true\">\n<div class=\"\" data-block=\"true\" data-editor=\"7e14v\" data-offset-key=\"fit52-0-0\">\n<div class=\"public-DraftStyleDefault-block public-DraftStyleDefault-ltr\" data-offset-key=\"fit52-0-0\"><span data-offset-key=\"fit52-0-0\">R\u00e9cepteur unidirectionnel le plus populaire pour les pilotes utilisant un syst\u00e8me radio bidirectionnel d\u00e9sirant entendre le directeur de course <\/span><\/div>\n<div class=\"public-DraftStyleDefault-block public-DraftStyleDefault-ltr\" data-offset-key=\"fit52-0-0\"><span data-offset-key=\"fit52-0-0\">La L\u00c9GENDE permettra \u00e0 \u00ab RACE CONTROL \u00bb de remplacer les conversations d\u2019\u00e9quipe pour rester au top du jeu.<\/span><\/div>\n<\/div>\n<\/div>\n<\/div>\n<\/div>\n<\/div>\n<div class=\"sc-cbTAsW kbOIjO\"><\/div>\n<\/div>\n<\/div>\n<p>&nbsp;<\/p>","protected":false},"featured_media":225793,"template":"","meta":[],"product_brand":[],"product_cat":[66],"product_tag":[199],"class_list":{"0":"post-225792","1":"product","2":"type-product","3":"status-publish","4":"has-post-thumbnail","6":"product_cat-for-drivers","7":"product_tag-raceceiver-legend","9":"first","10":"instock","11":"taxable","12":"shipping-taxable","13":"purchasable","14":"product-type-simple"},"aioseo_notices":[],"_links":{"self":[{"href":"https:\/\/racing-radios.com\/fr\/wp-json\/wp\/v2\/product\/225792","targetHints":{"allow":["GET"]}}],"collection":[{"href":"https:\/\/racing-radios.com\/fr\/wp-json\/wp\/v2\/product"}],"about":[{"href":"https:\/\/racing-radios.com\/fr\/wp-json\/wp\/v2\/types\/product"}],"version-history":[{"count":6,"href":"https:\/\/racing-radios.com\/fr\/wp-json\/wp\/v2\/product\/225792\/revisions"}],"predecessor-version":[{"id":229806,"href":"https:\/\/racing-radios.com\/fr\/wp-json\/wp\/v2\/product\/225792\/revisions\/229806"}],"wp:featuredmedia":[{"embeddable":true,"href":"https:\/\/racing-radios.com\/fr\/wp-json\/wp\/v2\/media\/225793"}],"wp:attachment":[{"href":"https:\/\/racing-radios.com\/fr\/wp-json\/wp\/v2\/media?parent=225792"}],"wp:term":[{"taxonomy":"product_brand","embeddable":true,"href":"https:\/\/racing-radios.com\/fr\/wp-json\/wp\/v2\/product_brand?post=225792"},{"taxonomy":"product_cat","embeddable":true,"href":"https:\/\/racing-radios.com\/fr\/wp-json\/wp\/v2\/product_cat?post=225792"},{"taxonomy":"product_tag","embeddable":true,"href":"https:\/\/racing-radios.com\/fr\/wp-json\/wp\/v2\/product_tag?post=225792"}],"curies":[{"name":"wp","href":"https:\/\/api.w.org\/{rel}","templated":true}]}}