{"id":225570,"date":"2021-01-07T23:19:13","date_gmt":"2021-01-07T23:19:13","guid":{"rendered":"http:\/\/racing-radios.com\/?post_type=product&#038;p=225570"},"modified":"2026-04-19T19:44:55","modified_gmt":"2026-04-19T19:44:55","slug":"scanner-headset-cable-coiled-3-5-male-to-ta5fl","status":"publish","type":"product","link":"https:\/\/racing-radios.com\/fr\/produit\/scanner-headset-cable-coiled-3-5-male-to-ta5fl\/","title":{"rendered":"C\u00e2ble interface Headset \/ scanner ( spiral\u00e9 )\n3,5' m\u00e2le \u00e0 TA5ML"},"content":{"rendered":"<p>C\u00e2ble interface Headset \/ scanner ( spiral\u00e9 )\n3,5' m\u00e2le \u00e0 TA5ML<\/p>","protected":false},"excerpt":{"rendered":"<p>C\u00e2ble d'interface pour scanner UNIDEN vers Headsets Racing Radios.<br \/>\nConnecteur standard 3,5 mm m\u00e2le vers casque standard \u00e0 5 broches.<\/p>","protected":false},"featured_media":225571,"template":"","meta":[],"product_brand":[],"product_cat":[127],"product_tag":[352,351],"class_list":{"0":"post-225570","1":"product","2":"type-product","3":"status-publish","4":"has-post-thumbnail","6":"product_cat-headset-interface-cables","7":"product_tag-headset-adaptor","8":"product_tag-headset-cable","10":"first","11":"instock","12":"taxable","13":"shipping-taxable","14":"purchasable","15":"product-type-simple"},"aioseo_notices":[],"_links":{"self":[{"href":"https:\/\/racing-radios.com\/fr\/wp-json\/wp\/v2\/product\/225570","targetHints":{"allow":["GET"]}}],"collection":[{"href":"https:\/\/racing-radios.com\/fr\/wp-json\/wp\/v2\/product"}],"about":[{"href":"https:\/\/racing-radios.com\/fr\/wp-json\/wp\/v2\/types\/product"}],"version-history":[{"count":2,"href":"https:\/\/racing-radios.com\/fr\/wp-json\/wp\/v2\/product\/225570\/revisions"}],"predecessor-version":[{"id":229652,"href":"https:\/\/racing-radios.com\/fr\/wp-json\/wp\/v2\/product\/225570\/revisions\/229652"}],"wp:featuredmedia":[{"embeddable":true,"href":"https:\/\/racing-radios.com\/fr\/wp-json\/wp\/v2\/media\/225571"}],"wp:attachment":[{"href":"https:\/\/racing-radios.com\/fr\/wp-json\/wp\/v2\/media?parent=225570"}],"wp:term":[{"taxonomy":"product_brand","embeddable":true,"href":"https:\/\/racing-radios.com\/fr\/wp-json\/wp\/v2\/product_brand?post=225570"},{"taxonomy":"product_cat","embeddable":true,"href":"https:\/\/racing-radios.com\/fr\/wp-json\/wp\/v2\/product_cat?post=225570"},{"taxonomy":"product_tag","embeddable":true,"href":"https:\/\/racing-radios.com\/fr\/wp-json\/wp\/v2\/product_tag?post=225570"}],"curies":[{"name":"wp","href":"https:\/\/api.w.org\/{rel}","templated":true}]}}