{"id":225567,"date":"2021-01-07T21:48:49","date_gmt":"2021-01-07T21:48:49","guid":{"rendered":"http:\/\/racing-radios.com\/?post_type=product&#038;p=225567"},"modified":"2026-04-23T20:13:36","modified_gmt":"2026-04-23T20:13:36","slug":"scanner-headset-cable-coiled-3-5-male-to-3-5-male","status":"publish","type":"product","link":"https:\/\/racing-radios.com\/fr\/produit\/scanner-headset-cable-coiled-3-5-male-to-3-5-male\/","title":{"rendered":"C\u00e2ble interface Headset \/ scanner ( spiral\u00e9 )"},"content":{"rendered":"<p>C\u00e2ble interface Headset \/ scanner ( spiral\u00e9 )<\/p>","protected":false},"excerpt":{"rendered":"<p>C\u00e2ble d'interface pour scanner UNIDEN vers Headsets Racing Radios.<br \/>\nm\u00e2le standard de 3,5 mm aux deux extr\u00e9mit\u00e9s.<\/p>","protected":false},"featured_media":225569,"template":"","meta":[],"product_brand":[],"product_cat":[134],"product_tag":[353,354],"class_list":{"0":"post-225567","1":"product","2":"type-product","3":"status-publish","4":"has-post-thumbnail","6":"product_cat-scanner-accessories","7":"product_tag-headset-3-5mm-cable","8":"product_tag-scanner-headset-cable","10":"first","11":"instock","12":"taxable","13":"shipping-taxable","14":"purchasable","15":"product-type-simple"},"aioseo_notices":[],"_links":{"self":[{"href":"https:\/\/racing-radios.com\/fr\/wp-json\/wp\/v2\/product\/225567","targetHints":{"allow":["GET"]}}],"collection":[{"href":"https:\/\/racing-radios.com\/fr\/wp-json\/wp\/v2\/product"}],"about":[{"href":"https:\/\/racing-radios.com\/fr\/wp-json\/wp\/v2\/types\/product"}],"version-history":[{"count":2,"href":"https:\/\/racing-radios.com\/fr\/wp-json\/wp\/v2\/product\/225567\/revisions"}],"predecessor-version":[{"id":229653,"href":"https:\/\/racing-radios.com\/fr\/wp-json\/wp\/v2\/product\/225567\/revisions\/229653"}],"wp:featuredmedia":[{"embeddable":true,"href":"https:\/\/racing-radios.com\/fr\/wp-json\/wp\/v2\/media\/225569"}],"wp:attachment":[{"href":"https:\/\/racing-radios.com\/fr\/wp-json\/wp\/v2\/media?parent=225567"}],"wp:term":[{"taxonomy":"product_brand","embeddable":true,"href":"https:\/\/racing-radios.com\/fr\/wp-json\/wp\/v2\/product_brand?post=225567"},{"taxonomy":"product_cat","embeddable":true,"href":"https:\/\/racing-radios.com\/fr\/wp-json\/wp\/v2\/product_cat?post=225567"},{"taxonomy":"product_tag","embeddable":true,"href":"https:\/\/racing-radios.com\/fr\/wp-json\/wp\/v2\/product_tag?post=225567"}],"curies":[{"name":"wp","href":"https:\/\/api.w.org\/{rel}","templated":true}]}}