{"id":225565,"date":"2021-01-07T21:16:56","date_gmt":"2021-01-07T21:16:56","guid":{"rendered":"http:\/\/racing-radios.com\/?post_type=product&#038;p=225565"},"modified":"2026-04-08T03:08:31","modified_gmt":"2026-04-08T03:08:31","slug":"one-way-coach-spotter-raceceiver-bpr40-radio-system","status":"publish","type":"product","link":"https:\/\/racing-radios.com\/fr\/produit\/one-way-coach-spotter-raceceiver-bpr40-radio-system\/","title":{"rendered":"Syst\u00e8me radio une voie INSTRUCTEUR ou SPOTTER Motorola BPR40 et RACECEIVER Fusion"},"content":{"rendered":"<p>One way COACH \/ SPOTTER Raceceiver \/ BPR40 Radio System<\/p>","protected":false},"excerpt":{"rendered":"<p>Syst\u00e8me radio unidirectionnel complet Motorola \/ Racing Radios.<br \/>\nLargement utilis\u00e9 en Karting pour l'entra\u00eenement et les s\u00e9ries Snowcross et motocross pour les SPOTTERS<\/p>\n<p>sont Inclus \u00a0:<\/p>\n<p><strong>POUR LE PILOTE<\/strong>:<\/p>\n<ul>\n<li>RACECEIVER Fusion<\/li>\n<li>Ecouteurs Pilote Racing Radios HMN7879 de 36 po.<\/li>\n<\/ul>\n<p><strong>POUR L'\u00c9QUIPE<\/strong><\/p>\n<ul>\n<li>\u00a0Radio Motorola BPR40 \/ UHF \/ 4 watts \/ 8 canaux<\/li>\n<li>\u00a0Headset BTH  Racing Radios<\/li>\n<li>\u00a0Ceinture Nylon Racing Radios<\/li>\n<li>Chargeurs rapides Motorola 90 min<\/li>\n<li>Malette de transport<\/li>\n<li>2 ans de garantie<\/li>\n<\/ul>","protected":false},"featured_media":225834,"template":"","meta":[],"product_brand":[],"product_cat":[73],"product_tag":[290,216],"class_list":{"0":"post-225565","1":"product","2":"type-product","3":"status-publish","4":"has-post-thumbnail","6":"product_cat-complete-radio-system","7":"product_tag-one-way-radio-system","8":"product_tag-raceceiver","10":"first","11":"instock","12":"taxable","13":"shipping-taxable","14":"purchasable","15":"product-type-simple"},"aioseo_notices":[],"_links":{"self":[{"href":"https:\/\/racing-radios.com\/fr\/wp-json\/wp\/v2\/product\/225565","targetHints":{"allow":["GET"]}}],"collection":[{"href":"https:\/\/racing-radios.com\/fr\/wp-json\/wp\/v2\/product"}],"about":[{"href":"https:\/\/racing-radios.com\/fr\/wp-json\/wp\/v2\/types\/product"}],"version-history":[{"count":3,"href":"https:\/\/racing-radios.com\/fr\/wp-json\/wp\/v2\/product\/225565\/revisions"}],"predecessor-version":[{"id":229753,"href":"https:\/\/racing-radios.com\/fr\/wp-json\/wp\/v2\/product\/225565\/revisions\/229753"}],"wp:featuredmedia":[{"embeddable":true,"href":"https:\/\/racing-radios.com\/fr\/wp-json\/wp\/v2\/media\/225834"}],"wp:attachment":[{"href":"https:\/\/racing-radios.com\/fr\/wp-json\/wp\/v2\/media?parent=225565"}],"wp:term":[{"taxonomy":"product_brand","embeddable":true,"href":"https:\/\/racing-radios.com\/fr\/wp-json\/wp\/v2\/product_brand?post=225565"},{"taxonomy":"product_cat","embeddable":true,"href":"https:\/\/racing-radios.com\/fr\/wp-json\/wp\/v2\/product_cat?post=225565"},{"taxonomy":"product_tag","embeddable":true,"href":"https:\/\/racing-radios.com\/fr\/wp-json\/wp\/v2\/product_tag?post=225565"}],"curies":[{"name":"wp","href":"https:\/\/api.w.org\/{rel}","templated":true}]}}