{"id":225527,"date":"2021-01-05T03:19:28","date_gmt":"2021-01-05T03:19:28","guid":{"rendered":"http:\/\/racing-radios.com\/?post_type=product&#038;p=225527"},"modified":"2026-04-08T04:57:36","modified_gmt":"2026-04-08T04:57:36","slug":"motorola-cm300d-uhf-430-470-mhz-digital-45-watts-incar-radio","status":"publish","type":"product","link":"https:\/\/racing-radios.com\/fr\/produit\/motorola-cm300d-uhf-430-470-mhz-digital-45-watts-incar-radio\/","title":{"rendered":"Motorola CM300D UHF ( 430-470 Mhz ) Digital 45 Watts Incar Radio"},"content":{"rendered":"<p>Motorola CM300D UHF ( 430-470 Mhz ) Digital 45 Watts Incar Radio<\/p>","protected":false},"excerpt":{"rendered":"<p>Puissante radio Mobile alphanum\u00e9rique XPR5550 de 45 watts pour les s\u00e9ries de courses sur circuits routiers<br \/>\nLa radio mobile MOTOTRBO s\u00e9rie CM est une solution fiable et \u00e9conomique pour garder votre \u00e9quipe en contact afin qu'elle puisse  se coordonner et collaborer pour une efficacit\u00e9 et une s\u00e9curit\u00e9 maximales. La s\u00e9rie CM est facile \u00e0 utiliser et offre des communication claire et intuitive.<\/p>\n<p>Livr\u00e9 avec support de montage, cordon d&#039;alimentation 12 V et garantie de 2 ans.<br \/>\nA besoin <a href=\"http:\/\/racing-radios.com\/fr\/produit\/racing-radios-cm200d-cm300d-mobile-radio-incar-wiring-harness\/\">Harnais de voiture RCH-100010B-R<\/a><\/p>","protected":false},"featured_media":225536,"template":"","meta":[],"product_brand":[],"product_cat":[32],"product_tag":[357,280],"class_list":{"0":"post-225527","1":"product","2":"type-product","3":"status-publish","4":"has-post-thumbnail","6":"product_cat-motorola-two-way-radios","7":"product_tag-motorola-cm300","8":"product_tag-motorola-two-way","10":"first","11":"instock","12":"taxable","13":"shipping-taxable","14":"purchasable","15":"product-type-simple"},"aioseo_notices":[],"_links":{"self":[{"href":"https:\/\/racing-radios.com\/fr\/wp-json\/wp\/v2\/product\/225527","targetHints":{"allow":["GET"]}}],"collection":[{"href":"https:\/\/racing-radios.com\/fr\/wp-json\/wp\/v2\/product"}],"about":[{"href":"https:\/\/racing-radios.com\/fr\/wp-json\/wp\/v2\/types\/product"}],"version-history":[{"count":4,"href":"https:\/\/racing-radios.com\/fr\/wp-json\/wp\/v2\/product\/225527\/revisions"}],"predecessor-version":[{"id":229781,"href":"https:\/\/racing-radios.com\/fr\/wp-json\/wp\/v2\/product\/225527\/revisions\/229781"}],"wp:featuredmedia":[{"embeddable":true,"href":"https:\/\/racing-radios.com\/fr\/wp-json\/wp\/v2\/media\/225536"}],"wp:attachment":[{"href":"https:\/\/racing-radios.com\/fr\/wp-json\/wp\/v2\/media?parent=225527"}],"wp:term":[{"taxonomy":"product_brand","embeddable":true,"href":"https:\/\/racing-radios.com\/fr\/wp-json\/wp\/v2\/product_brand?post=225527"},{"taxonomy":"product_cat","embeddable":true,"href":"https:\/\/racing-radios.com\/fr\/wp-json\/wp\/v2\/product_cat?post=225527"},{"taxonomy":"product_tag","embeddable":true,"href":"https:\/\/racing-radios.com\/fr\/wp-json\/wp\/v2\/product_tag?post=225527"}],"curies":[{"name":"wp","href":"https:\/\/api.w.org\/{rel}","templated":true}]}}