{"id":225523,"date":"2021-01-05T00:59:12","date_gmt":"2021-01-05T00:59:12","guid":{"rendered":"http:\/\/racing-radios.com\/?post_type=product&#038;p=225523"},"modified":"2026-04-09T02:28:55","modified_gmt":"2026-04-09T02:28:55","slug":"motorola-xpr5550-digital-45-watts-incar-radio","status":"publish","type":"product","link":"https:\/\/racing-radios.com\/fr\/produit\/motorola-xpr5550-digital-45-watts-incar-radio\/","title":{"rendered":"Motorola XPR5550 UHF Digital 45 Watts Incar Professional Radio"},"content":{"rendered":"<p>Motorola XPR5550 UHF Digital 45 Watts Incar Professional Radio<\/p>","protected":false},"excerpt":{"rendered":"<p>Puissante radio Mobile alphanum\u00e9rique XPR5550 de 45 watts pour les s\u00e9ries de courses sur circuits routiers<br \/>\nLa radio mobile MOTOTRBO XPR s\u00e9rie 5000 est une centrale de communication pour les utilisateurs exigeants. Offrant un ensemble complet de fonctionnalit\u00e9s et un environnement  riche dans un seul appareil puissant, le XPR 5550 permet \u00e0 votre \u00e9quipe de communiquer de mani\u00e8re plus s\u00fbre en offrant  un son d'une qualit\u00e9 exceptionnels, un \u00e9cran couleur , un Bluetooth int\u00e9gr\u00e9 pour l'audio et les donn\u00e9es, et des applications particuli\u00e8res personnalisables pour votre \u00e9quipe.<\/p>\n<p>Livr\u00e9 avec support de montage, cordon d&#039;alimentation 12 V et garantie de 2 ans.<br \/>\nA besoin <a href=\"http:\/\/racing-radios.com\/fr\/produit\/racing-radios-harness-for-motorola-xpr-mobile-radios\/\">Harnais Incar RCH-XPR-M<\/a><\/p>","protected":false},"featured_media":225524,"template":"","meta":[],"product_brand":[],"product_cat":[112],"product_tag":[358,279],"class_list":{"0":"post-225523","1":"product","2":"type-product","3":"status-publish","4":"has-post-thumbnail","6":"product_cat-motorola-mobile-radios","7":"product_tag-motorola-mobile-radio","8":"product_tag-motorola-xpr5550","10":"first","11":"instock","12":"taxable","13":"shipping-taxable","14":"purchasable","15":"product-type-simple"},"aioseo_notices":[],"_links":{"self":[{"href":"https:\/\/racing-radios.com\/fr\/wp-json\/wp\/v2\/product\/225523","targetHints":{"allow":["GET"]}}],"collection":[{"href":"https:\/\/racing-radios.com\/fr\/wp-json\/wp\/v2\/product"}],"about":[{"href":"https:\/\/racing-radios.com\/fr\/wp-json\/wp\/v2\/types\/product"}],"version-history":[{"count":4,"href":"https:\/\/racing-radios.com\/fr\/wp-json\/wp\/v2\/product\/225523\/revisions"}],"predecessor-version":[{"id":229782,"href":"https:\/\/racing-radios.com\/fr\/wp-json\/wp\/v2\/product\/225523\/revisions\/229782"}],"wp:featuredmedia":[{"embeddable":true,"href":"https:\/\/racing-radios.com\/fr\/wp-json\/wp\/v2\/media\/225524"}],"wp:attachment":[{"href":"https:\/\/racing-radios.com\/fr\/wp-json\/wp\/v2\/media?parent=225523"}],"wp:term":[{"taxonomy":"product_brand","embeddable":true,"href":"https:\/\/racing-radios.com\/fr\/wp-json\/wp\/v2\/product_brand?post=225523"},{"taxonomy":"product_cat","embeddable":true,"href":"https:\/\/racing-radios.com\/fr\/wp-json\/wp\/v2\/product_cat?post=225523"},{"taxonomy":"product_tag","embeddable":true,"href":"https:\/\/racing-radios.com\/fr\/wp-json\/wp\/v2\/product_tag?post=225523"}],"curies":[{"name":"wp","href":"https:\/\/api.w.org\/{rel}","templated":true}]}}