{"id":224270,"date":"2021-01-20T06:04:40","date_gmt":"2021-01-20T06:04:40","guid":{"rendered":"http:\/\/racing-radios.com\/?post_type=product&#038;p=224270"},"modified":"2026-04-02T22:59:06","modified_gmt":"2026-04-02T22:59:06","slug":"endurance-series-motorola-r2-cm200d-digital-radio-system","status":"publish","type":"product","link":"https:\/\/racing-radios.com\/fr\/produit\/endurance-series-motorola-r2-cm200d-digital-radio-system\/","title":{"rendered":"Endurance Series Motorola R2 \/ CM200D DIGITAL Radio System"},"content":{"rendered":"<p>Endurance Series Motorola R2 \/ CM200D DIGITAL Radio System<\/p>","protected":false},"excerpt":{"rendered":"<p>&nbsp;<\/p>\n<p>Le meilleur syst\u00e8me radio DIGITAL pour les longues pistes et qualit\u00e9 audio sup\u00e9rieur<br \/>\nwith Motorola R2 and CP200DDigital Digital radios<\/p>\n<p>sont Inclus \u00a0:<\/p>\n<p><strong>POUR LA VOITURE<\/strong>:<\/p>\n<ul>\n<li>Radio DIGITALE Motorola CM200D \/ UHF \/ 25 watts \/ 16 canaux<\/li>\n<li>Harnais auto \/ CM200D \/ 16 pins \/  connecteur de casque IMSA<\/li>\n<li>PTT switch montage de surface submersible<\/li>\n<li>Antenne externe Elite 3DB de gain<\/li>\n<\/ul>\n<p><strong>POUR LE PILOTE<\/strong><\/p>\n<ul>\n<li>Kit de micro casque cable spiral\u00e9 \/ connecteur IMSA<\/li>\n<li>\u00c9couteurs moul\u00e9s Racing Radios personnalis\u00e9s<\/li>\n<\/ul>\n<p><strong>POUR L'\u00c9QUIPE<\/strong><\/p>\n<ul>\n<li>\u00a0Motorola R2 \/ UHF \/ 4 watts \/ 16 channels radios<\/li>\n<li>\u00a0Headset BTH  Racing Radios<\/li>\n<li>\u00a0Ceinture Nylon Racing Radios<\/li>\n<li>Chargeurs rapides Motorola 90 min<\/li>\n<li>Malette de transport<\/li>\n<li>2 ans de garantie<\/li>\n<\/ul>","protected":false},"featured_media":225821,"template":"","meta":[],"product_brand":[],"product_cat":[73],"product_tag":[284,340],"class_list":{"0":"post-224270","1":"product","2":"type-product","3":"status-publish","4":"has-post-thumbnail","6":"wc_square_synced-yes","7":"product_cat-complete-radio-system","8":"product_tag-motorola-r2-radio","9":"product_tag-racing-radios-digital-radio-system","11":"first","12":"instock","13":"taxable","14":"shipping-taxable","15":"purchasable","16":"product-type-simple"},"aioseo_notices":[],"_links":{"self":[{"href":"https:\/\/racing-radios.com\/fr\/wp-json\/wp\/v2\/product\/224270","targetHints":{"allow":["GET"]}}],"collection":[{"href":"https:\/\/racing-radios.com\/fr\/wp-json\/wp\/v2\/product"}],"about":[{"href":"https:\/\/racing-radios.com\/fr\/wp-json\/wp\/v2\/types\/product"}],"version-history":[{"count":4,"href":"https:\/\/racing-radios.com\/fr\/wp-json\/wp\/v2\/product\/224270\/revisions"}],"predecessor-version":[{"id":229775,"href":"https:\/\/racing-radios.com\/fr\/wp-json\/wp\/v2\/product\/224270\/revisions\/229775"}],"wp:featuredmedia":[{"embeddable":true,"href":"https:\/\/racing-radios.com\/fr\/wp-json\/wp\/v2\/media\/225821"}],"wp:attachment":[{"href":"https:\/\/racing-radios.com\/fr\/wp-json\/wp\/v2\/media?parent=224270"}],"wp:term":[{"taxonomy":"product_brand","embeddable":true,"href":"https:\/\/racing-radios.com\/fr\/wp-json\/wp\/v2\/product_brand?post=224270"},{"taxonomy":"product_cat","embeddable":true,"href":"https:\/\/racing-radios.com\/fr\/wp-json\/wp\/v2\/product_cat?post=224270"},{"taxonomy":"product_tag","embeddable":true,"href":"https:\/\/racing-radios.com\/fr\/wp-json\/wp\/v2\/product_tag?post=224270"}],"curies":[{"name":"wp","href":"https:\/\/api.w.org\/{rel}","templated":true}]}}