{"id":224269,"date":"2021-01-25T06:04:07","date_gmt":"2021-01-25T06:04:07","guid":{"rendered":"http:\/\/racing-radios.com\/?post_type=product&#038;p=224269"},"modified":"2026-04-04T11:40:10","modified_gmt":"2026-04-04T11:40:10","slug":"racing-radios-motorola-r2-open-wheel-cars-digital-radio-system","status":"publish","type":"product","link":"https:\/\/racing-radios.com\/fr\/produit\/racing-radios-motorola-r2-open-wheel-cars-digital-radio-system\/","title":{"rendered":"Racing Radios Motorola R2 Open Wheel cars DIGITAL radio system"},"content":{"rendered":"<p>Racing Radios Motorola R2 Open Wheel cars DIGITAL radio system<\/p>","protected":false},"excerpt":{"rendered":"<p>Racing Radios Motorola R2 Open Wheel cars DIGITAL radio system<\/p>\n<p>sont Inclus \u00a0:<\/p>\n<p><strong>POUR LA VOITURE<\/strong>:<\/p>\n<ul>\n<li>Motorola R2 \/ UHF \/ 4 watts \/ 16 channels DIGITAL Radio<\/li>\n<li>Etui radio en cuir Motorola<\/li>\n<li>Harnais auto \/ CP200D \/ connecteur de casque IMSA<\/li>\n<li>PTT switch montage de surface submersible<\/li>\n<li>Antenne externe CAK-70<\/li>\n<\/ul>\n<p><strong>POUR LE PILOTE<\/strong><\/p>\n<ul>\n<li>Kit de micro casque cable spiral\u00e9 \/ connecteur IMSA<\/li>\n<li>\u00c9couteurs moul\u00e9s Racing Radios personnalis\u00e9s<\/li>\n<\/ul>\n<p><strong>POUR L'\u00c9QUIPE<\/strong><\/p>\n<ul>\n<li>\u00a0Motorola R2 \/ UHF \/ 4 watts \/ 8 channels radios<\/li>\n<li>\u00a0Headset BTH  Racing Radios<\/li>\n<li>\u00a0Ceinture Nylon Racing Radios<\/li>\n<li>Chargeurs rapides Motorola 90 min<\/li>\n<li>Malette de transport<\/li>\n<li>2 ans de garantie<\/li>\n<\/ul>","protected":false},"featured_media":225817,"template":"","meta":[],"product_brand":[],"product_cat":[73],"product_tag":[338,339],"class_list":{"0":"post-224269","1":"product","2":"type-product","3":"status-publish","4":"has-post-thumbnail","6":"wc_square_synced-yes","7":"product_cat-complete-radio-system","8":"product_tag-motorola-r2-radio-system","9":"product_tag-racing-radios-complete-system","11":"first","12":"instock","13":"taxable","14":"shipping-taxable","15":"purchasable","16":"product-type-simple"},"aioseo_notices":[],"_links":{"self":[{"href":"https:\/\/racing-radios.com\/fr\/wp-json\/wp\/v2\/product\/224269","targetHints":{"allow":["GET"]}}],"collection":[{"href":"https:\/\/racing-radios.com\/fr\/wp-json\/wp\/v2\/product"}],"about":[{"href":"https:\/\/racing-radios.com\/fr\/wp-json\/wp\/v2\/types\/product"}],"version-history":[{"count":4,"href":"https:\/\/racing-radios.com\/fr\/wp-json\/wp\/v2\/product\/224269\/revisions"}],"predecessor-version":[{"id":229773,"href":"https:\/\/racing-radios.com\/fr\/wp-json\/wp\/v2\/product\/224269\/revisions\/229773"}],"wp:featuredmedia":[{"embeddable":true,"href":"https:\/\/racing-radios.com\/fr\/wp-json\/wp\/v2\/media\/225817"}],"wp:attachment":[{"href":"https:\/\/racing-radios.com\/fr\/wp-json\/wp\/v2\/media?parent=224269"}],"wp:term":[{"taxonomy":"product_brand","embeddable":true,"href":"https:\/\/racing-radios.com\/fr\/wp-json\/wp\/v2\/product_brand?post=224269"},{"taxonomy":"product_cat","embeddable":true,"href":"https:\/\/racing-radios.com\/fr\/wp-json\/wp\/v2\/product_cat?post=224269"},{"taxonomy":"product_tag","embeddable":true,"href":"https:\/\/racing-radios.com\/fr\/wp-json\/wp\/v2\/product_tag?post=224269"}],"curies":[{"name":"wp","href":"https:\/\/api.w.org\/{rel}","templated":true}]}}