{"id":223804,"date":"2020-11-20T03:44:07","date_gmt":"2020-11-20T03:44:07","guid":{"rendered":"http:\/\/racing-radios.com\/product\/import-placeholder-for-660\/"},"modified":"2026-04-07T18:21:53","modified_gmt":"2026-04-07T18:21:53","slug":"motorola-slr5700-uhf-digital-repeater-407-470-mhz-50-watts","status":"publish","type":"product","link":"https:\/\/racing-radios.com\/fr\/produit\/motorola-slr5700-uhf-digital-repeater-407-470-mhz-50-watts\/","title":{"rendered":"Motorola SLR5700 \/ UHF \/ Digital Repeater ( 407-470 Mhz ) 50 Watts"},"content":{"rendered":"<p>Motorola SLR5700 \/ UHF \/ Digital Repeater ( 407-470 Mhz ) 50 Watts<\/p>","protected":false},"excerpt":{"rendered":"<p>The Ultimate in Racing Communications comes with Motorola SLR7550 45 Watts Repeater<\/p>\n<p>For your race week-end to be successful, you need dependable voice and data communications that reach every corner of any tracks. The MOTOTRBO SLR 5000 Series Repeater delivers high performance, high reliability two-way radio service with all the features you need to connect your team whether you&#8217;re in the field or in pitlane.<\/p>\n<p>Avec son format compact et sa faible consommation d'\u00e9nergie, la s\u00e9rie MOTOTRBO SLR 5000 est con\u00e7ue pour un faible co\u00fbt de d'op\u00e9ration. Et avec un \u00e9norme progr\u00e8s technologique, il repr\u00e9sente la prochaine g\u00e9n\u00e9ration de r\u00e9p\u00e9teurs en tant que pierre angulaire d'un syst\u00e8me radio professionnel MOTOTRBO.<\/p>\n<p>Que vous ayez besoin de la simplicit\u00e9 d'un syst\u00e8me conventionnel \u00e0 site unique ou des puissantes capacit\u00e9s de liaison de Capacit\u00e9 Plus, , la s\u00e9rie SLR 5000 offre la puissance de la radio bidirectionnelle num\u00e9rique \u00e0 votre personnel et pilotes.<\/p>\n<p>,Pour compl\u00e9ter la configuration de votre syst\u00e8me de r\u00e9p\u00e9teur portatif, voir notre mat t\u00e9lescopique de 30 pieds \/  notre duplexeur mobile 450-470 Mhz \/ notre antenne dipole repli\u00e9 et notre c\u00e2ble coaxial RG214 a faible perte.<\/p>","protected":false},"featured_media":226592,"template":"","meta":[],"product_brand":[],"product_cat":[113],"product_tag":[223,378],"class_list":{"0":"post-223804","1":"product","2":"type-product","3":"status-publish","4":"has-post-thumbnail","6":"product_cat-motorola-repeater","7":"product_tag-motorola-repeater","8":"product_tag-slr5700-repeater","10":"first","11":"instock","12":"taxable","13":"shipping-taxable","14":"purchasable","15":"product-type-simple"},"aioseo_notices":[],"_links":{"self":[{"href":"https:\/\/racing-radios.com\/fr\/wp-json\/wp\/v2\/product\/223804","targetHints":{"allow":["GET"]}}],"collection":[{"href":"https:\/\/racing-radios.com\/fr\/wp-json\/wp\/v2\/product"}],"about":[{"href":"https:\/\/racing-radios.com\/fr\/wp-json\/wp\/v2\/types\/product"}],"version-history":[{"count":5,"href":"https:\/\/racing-radios.com\/fr\/wp-json\/wp\/v2\/product\/223804\/revisions"}],"predecessor-version":[{"id":229815,"href":"https:\/\/racing-radios.com\/fr\/wp-json\/wp\/v2\/product\/223804\/revisions\/229815"}],"wp:featuredmedia":[{"embeddable":true,"href":"https:\/\/racing-radios.com\/fr\/wp-json\/wp\/v2\/media\/226592"}],"wp:attachment":[{"href":"https:\/\/racing-radios.com\/fr\/wp-json\/wp\/v2\/media?parent=223804"}],"wp:term":[{"taxonomy":"product_brand","embeddable":true,"href":"https:\/\/racing-radios.com\/fr\/wp-json\/wp\/v2\/product_brand?post=223804"},{"taxonomy":"product_cat","embeddable":true,"href":"https:\/\/racing-radios.com\/fr\/wp-json\/wp\/v2\/product_cat?post=223804"},{"taxonomy":"product_tag","embeddable":true,"href":"https:\/\/racing-radios.com\/fr\/wp-json\/wp\/v2\/product_tag?post=223804"}],"curies":[{"name":"wp","href":"https:\/\/api.w.org\/{rel}","templated":true}]}}