{"id":223799,"date":"2020-11-20T03:44:07","date_gmt":"2020-11-20T03:44:07","guid":{"rendered":"http:\/\/racing-radios.com\/product\/import-placeholder-for-651\/"},"modified":"2026-05-05T15:18:43","modified_gmt":"2026-05-05T15:18:43","slug":"foam-earpiece-for-crewmember-mono","status":"publish","type":"product","link":"https:\/\/racing-radios.com\/fr\/produit\/foam-earpiece-for-crewmember-mono\/","title":{"rendered":"Foam Earpiece for Crewmember  \/ Mono \/"},"content":{"rendered":"<p>Foam Earpiece for Crewmember \/ 36&#8221; \/ Mono<\/p>","protected":false},"excerpt":{"rendered":"<p>Pour les membres d''\u00e9quipe en \u00e9coute seulement. Ces \u00e9couteurs de 36 pouces se branchent directement sur de nombreuses radios MOTOROLA dot\u00e9es d'une prise jack 3,5 mm. Livr\u00e9 avec \u00e9tui de protection.<\/p>","protected":false},"featured_media":231491,"template":"","meta":[],"product_brand":[],"product_cat":[131],"product_tag":[218],"class_list":{"0":"post-223799","1":"product","2":"type-product","3":"status-publish","4":"has-post-thumbnail","6":"product_cat-crewmember-radio-system-accessories","7":"product_tag-crewmember-earpieces","9":"first","10":"instock","11":"taxable","12":"shipping-taxable","13":"purchasable","14":"product-type-simple"},"aioseo_notices":[],"_links":{"self":[{"href":"https:\/\/racing-radios.com\/fr\/wp-json\/wp\/v2\/product\/223799","targetHints":{"allow":["GET"]}}],"collection":[{"href":"https:\/\/racing-radios.com\/fr\/wp-json\/wp\/v2\/product"}],"about":[{"href":"https:\/\/racing-radios.com\/fr\/wp-json\/wp\/v2\/types\/product"}],"version-history":[{"count":6,"href":"https:\/\/racing-radios.com\/fr\/wp-json\/wp\/v2\/product\/223799\/revisions"}],"predecessor-version":[{"id":231519,"href":"https:\/\/racing-radios.com\/fr\/wp-json\/wp\/v2\/product\/223799\/revisions\/231519"}],"wp:featuredmedia":[{"embeddable":true,"href":"https:\/\/racing-radios.com\/fr\/wp-json\/wp\/v2\/media\/231491"}],"wp:attachment":[{"href":"https:\/\/racing-radios.com\/fr\/wp-json\/wp\/v2\/media?parent=223799"}],"wp:term":[{"taxonomy":"product_brand","embeddable":true,"href":"https:\/\/racing-radios.com\/fr\/wp-json\/wp\/v2\/product_brand?post=223799"},{"taxonomy":"product_cat","embeddable":true,"href":"https:\/\/racing-radios.com\/fr\/wp-json\/wp\/v2\/product_cat?post=223799"},{"taxonomy":"product_tag","embeddable":true,"href":"https:\/\/racing-radios.com\/fr\/wp-json\/wp\/v2\/product_tag?post=223799"}],"curies":[{"name":"wp","href":"https:\/\/api.w.org\/{rel}","templated":true}]}}