{"id":223795,"date":"2020-11-20T03:44:06","date_gmt":"2020-11-20T03:44:06","guid":{"rendered":"http:\/\/racing-radios.com\/product\/import-placeholder-for-639\/"},"modified":"2026-04-07T18:21:15","modified_gmt":"2026-04-07T18:21:15","slug":"3-5mm-earpiece-connector-cord-assembly-for-rr-helmet-kits","status":"publish","type":"product","link":"https:\/\/racing-radios.com\/fr\/produit\/3-5mm-earpiece-connector-cord-assembly-for-rr-helmet-kits\/","title":{"rendered":"3.5mm Earpiece Connector \/ Cord Assembly for RR Helmet Kits"},"content":{"rendered":"<p>3.5mm Earpiece Connector \/ Cord Assembly for RR Helmet Kits<\/p>","protected":false},"excerpt":{"rendered":"<p>Pour remplacer le connecteur d'\u00e9couteur 3,5mm d\u00e9fectueux sur les kits de casque existants. Compatible avec tous les \u00e9couteurs de l'industrie<\/p>","protected":false},"featured_media":225421,"template":"","meta":[],"product_brand":[],"product_cat":[66],"product_tag":[402,242],"class_list":{"0":"post-223795","1":"product","2":"type-product","3":"status-publish","4":"has-post-thumbnail","6":"product_cat-for-drivers","7":"product_tag-3-5mm-earpiece-connector","8":"product_tag-helmet-kit","10":"first","11":"instock","12":"taxable","13":"shipping-taxable","14":"purchasable","15":"product-type-simple"},"aioseo_notices":[],"_links":{"self":[{"href":"https:\/\/racing-radios.com\/fr\/wp-json\/wp\/v2\/product\/223795","targetHints":{"allow":["GET"]}}],"collection":[{"href":"https:\/\/racing-radios.com\/fr\/wp-json\/wp\/v2\/product"}],"about":[{"href":"https:\/\/racing-radios.com\/fr\/wp-json\/wp\/v2\/types\/product"}],"version-history":[{"count":5,"href":"https:\/\/racing-radios.com\/fr\/wp-json\/wp\/v2\/product\/223795\/revisions"}],"predecessor-version":[{"id":229834,"href":"https:\/\/racing-radios.com\/fr\/wp-json\/wp\/v2\/product\/223795\/revisions\/229834"}],"wp:featuredmedia":[{"embeddable":true,"href":"https:\/\/racing-radios.com\/fr\/wp-json\/wp\/v2\/media\/225421"}],"wp:attachment":[{"href":"https:\/\/racing-radios.com\/fr\/wp-json\/wp\/v2\/media?parent=223795"}],"wp:term":[{"taxonomy":"product_brand","embeddable":true,"href":"https:\/\/racing-radios.com\/fr\/wp-json\/wp\/v2\/product_brand?post=223795"},{"taxonomy":"product_cat","embeddable":true,"href":"https:\/\/racing-radios.com\/fr\/wp-json\/wp\/v2\/product_cat?post=223795"},{"taxonomy":"product_tag","embeddable":true,"href":"https:\/\/racing-radios.com\/fr\/wp-json\/wp\/v2\/product_tag?post=223795"}],"curies":[{"name":"wp","href":"https:\/\/api.w.org\/{rel}","templated":true}]}}