{"id":223785,"date":"2020-11-20T03:44:06","date_gmt":"2020-11-20T03:44:06","guid":{"rendered":"http:\/\/racing-radios.com\/product\/import-placeholder-for-609\/"},"modified":"2026-04-18T04:37:08","modified_gmt":"2026-04-18T04:37:08","slug":"racing-radios-heavy-duty-radio-system-carry-case","status":"publish","type":"product","link":"https:\/\/racing-radios.com\/fr\/produit\/racing-radios-heavy-duty-radio-system-carry-case\/","title":{"rendered":"Racing Radios Heavy Duty Radio System Carry Case"},"content":{"rendered":"<p>Racing Radios Heavy Duty Radio System Carry Case<\/p>","protected":false},"excerpt":{"rendered":"<p>\u00c9tui de route NANUK robuste, \u00e9tanche et garanti \u00e0 vie pour prot\u00e9ger votre investissement de syst\u00e8me radio.<\/p>","protected":false},"featured_media":223815,"template":"","meta":[],"product_brand":[],"product_cat":[131],"product_tag":[385,386],"class_list":{"0":"post-223785","1":"product","2":"type-product","3":"status-publish","4":"has-post-thumbnail","6":"product_cat-crewmember-radio-system-accessories","7":"product_tag-heavy-duty-case","8":"product_tag-radiosystem-carry-case","10":"first","11":"instock","12":"taxable","13":"shipping-taxable","14":"purchasable","15":"product-type-simple"},"aioseo_notices":[],"_links":{"self":[{"href":"https:\/\/racing-radios.com\/fr\/wp-json\/wp\/v2\/product\/223785","targetHints":{"allow":["GET"]}}],"collection":[{"href":"https:\/\/racing-radios.com\/fr\/wp-json\/wp\/v2\/product"}],"about":[{"href":"https:\/\/racing-radios.com\/fr\/wp-json\/wp\/v2\/types\/product"}],"version-history":[{"count":4,"href":"https:\/\/racing-radios.com\/fr\/wp-json\/wp\/v2\/product\/223785\/revisions"}],"predecessor-version":[{"id":229820,"href":"https:\/\/racing-radios.com\/fr\/wp-json\/wp\/v2\/product\/223785\/revisions\/229820"}],"wp:featuredmedia":[{"embeddable":true,"href":"https:\/\/racing-radios.com\/fr\/wp-json\/wp\/v2\/media\/223815"}],"wp:attachment":[{"href":"https:\/\/racing-radios.com\/fr\/wp-json\/wp\/v2\/media?parent=223785"}],"wp:term":[{"taxonomy":"product_brand","embeddable":true,"href":"https:\/\/racing-radios.com\/fr\/wp-json\/wp\/v2\/product_brand?post=223785"},{"taxonomy":"product_cat","embeddable":true,"href":"https:\/\/racing-radios.com\/fr\/wp-json\/wp\/v2\/product_cat?post=223785"},{"taxonomy":"product_tag","embeddable":true,"href":"https:\/\/racing-radios.com\/fr\/wp-json\/wp\/v2\/product_tag?post=223785"}],"curies":[{"name":"wp","href":"https:\/\/api.w.org\/{rel}","templated":true}]}}