{"id":223781,"date":"2020-11-20T03:44:05","date_gmt":"2020-11-20T03:44:05","guid":{"rendered":"http:\/\/racing-radios.com\/product\/import-placeholder-for-594\/"},"modified":"2026-04-19T13:30:42","modified_gmt":"2026-04-19T13:30:42","slug":"racing-radios-headset-m-101-microphone-protector","status":"publish","type":"product","link":"https:\/\/racing-radios.com\/fr\/produit\/racing-radios-headset-m-101-microphone-protector\/","title":{"rendered":"Racing Radios Headset M-101 Microphone Protector"},"content":{"rendered":"<p>Racing Radios Headset M-101 Microphone Protector<\/p>","protected":false},"excerpt":{"rendered":"<p>Prot\u00e8ge contre l'humidit\u00e9 et la poussi\u00e8re omnipr\u00e9sente sur les circuits de courses.<\/p>","protected":false},"featured_media":226593,"template":"","meta":[],"product_brand":[],"product_cat":[67],"product_tag":[408,407],"class_list":{"0":"post-223781","1":"product","2":"type-product","3":"status-publish","4":"has-post-thumbnail","6":"product_cat-for-the-crew","7":"product_tag-m-101-microphone","8":"product_tag-mic-protector","10":"first","11":"instock","12":"taxable","13":"shipping-taxable","14":"purchasable","15":"product-type-simple"},"aioseo_notices":[],"_links":{"self":[{"href":"https:\/\/racing-radios.com\/fr\/wp-json\/wp\/v2\/product\/223781","targetHints":{"allow":["GET"]}}],"collection":[{"href":"https:\/\/racing-radios.com\/fr\/wp-json\/wp\/v2\/product"}],"about":[{"href":"https:\/\/racing-radios.com\/fr\/wp-json\/wp\/v2\/types\/product"}],"version-history":[{"count":3,"href":"https:\/\/racing-radios.com\/fr\/wp-json\/wp\/v2\/product\/223781\/revisions"}],"predecessor-version":[{"id":229841,"href":"https:\/\/racing-radios.com\/fr\/wp-json\/wp\/v2\/product\/223781\/revisions\/229841"}],"wp:featuredmedia":[{"embeddable":true,"href":"https:\/\/racing-radios.com\/fr\/wp-json\/wp\/v2\/media\/226593"}],"wp:attachment":[{"href":"https:\/\/racing-radios.com\/fr\/wp-json\/wp\/v2\/media?parent=223781"}],"wp:term":[{"taxonomy":"product_brand","embeddable":true,"href":"https:\/\/racing-radios.com\/fr\/wp-json\/wp\/v2\/product_brand?post=223781"},{"taxonomy":"product_cat","embeddable":true,"href":"https:\/\/racing-radios.com\/fr\/wp-json\/wp\/v2\/product_cat?post=223781"},{"taxonomy":"product_tag","embeddable":true,"href":"https:\/\/racing-radios.com\/fr\/wp-json\/wp\/v2\/product_tag?post=223781"}],"curies":[{"name":"wp","href":"https:\/\/api.w.org\/{rel}","templated":true}]}}