{"id":223751,"date":"2020-11-20T03:43:50","date_gmt":"2020-11-20T03:43:50","guid":{"rendered":"http:\/\/racing-radios.com\/product\/import-placeholder-for-586\/"},"modified":"2026-04-05T05:28:58","modified_gmt":"2026-04-05T05:28:58","slug":"motorola-cm200d-digital-25-watts-incar-radio","status":"publish","type":"product","link":"https:\/\/racing-radios.com\/fr\/produit\/motorola-cm200d-digital-25-watts-incar-radio\/","title":{"rendered":"Radio Mobile DIGITAL Motorola CM200D \/ UHF \/ 25 watts \/ 16 cannaux"},"content":{"rendered":"<p>Radio Mobile DIGITAL Motorola CM200D \/ UHF \/ 25 watts \/ 16 cannaux<\/p>","protected":false},"excerpt":{"rendered":"<p>La radio mobile MOTOTRBO s\u00e9rie CM est une solution fiable et \u00e9conomique pour garder votre \u00e9quipe en contact afin qu'elle puisse se coordonner pour une efficacit\u00e9 et une s\u00e9curit\u00e9 accrue. . La s\u00e9rie CM de Motorola est facile \u00e0 utiliser et offre des communications claire pour une efficacit\u00e9 maximale en course.<\/p>\n<p>A besoin <a href=\"http:\/\/racing-radios.com\/fr\/produit\/racing-radios-cm200d-cm300d-mobile-radio-incar-wiring-harness\/\">Harnais de voiture RCH-100010B-R<\/a><\/p>\n<p>&nbsp;<\/p>\n<p>Livr\u00e9 avec support de montage, cordon d&#039;alimentation 12 V et garantie de 2 ans.<br \/>\nA besoin <a href=\"http:\/\/racing-radios.com\/fr\/produit\/racing-radios-cm200d-cm300d-mobile-radio-incar-wiring-harness\/\">Harnais de voiture RCH-010<\/a><\/p>","protected":false},"featured_media":223778,"template":"","meta":[],"product_brand":[],"product_cat":[112],"product_tag":[427,428],"class_list":{"0":"post-223751","1":"product","2":"type-product","3":"status-publish","4":"has-post-thumbnail","6":"product_cat-motorola-mobile-radios","7":"product_tag-motorola-cm200d","8":"product_tag-motorola-digital-radio","10":"first","11":"instock","12":"taxable","13":"shipping-taxable","14":"purchasable","15":"product-type-simple"},"aioseo_notices":[],"_links":{"self":[{"href":"https:\/\/racing-radios.com\/fr\/wp-json\/wp\/v2\/product\/223751","targetHints":{"allow":["GET"]}}],"collection":[{"href":"https:\/\/racing-radios.com\/fr\/wp-json\/wp\/v2\/product"}],"about":[{"href":"https:\/\/racing-radios.com\/fr\/wp-json\/wp\/v2\/types\/product"}],"version-history":[{"count":3,"href":"https:\/\/racing-radios.com\/fr\/wp-json\/wp\/v2\/product\/223751\/revisions"}],"predecessor-version":[{"id":229697,"href":"https:\/\/racing-radios.com\/fr\/wp-json\/wp\/v2\/product\/223751\/revisions\/229697"}],"wp:featuredmedia":[{"embeddable":true,"href":"https:\/\/racing-radios.com\/fr\/wp-json\/wp\/v2\/media\/223778"}],"wp:attachment":[{"href":"https:\/\/racing-radios.com\/fr\/wp-json\/wp\/v2\/media?parent=223751"}],"wp:term":[{"taxonomy":"product_brand","embeddable":true,"href":"https:\/\/racing-radios.com\/fr\/wp-json\/wp\/v2\/product_brand?post=223751"},{"taxonomy":"product_cat","embeddable":true,"href":"https:\/\/racing-radios.com\/fr\/wp-json\/wp\/v2\/product_cat?post=223751"},{"taxonomy":"product_tag","embeddable":true,"href":"https:\/\/racing-radios.com\/fr\/wp-json\/wp\/v2\/product_tag?post=223751"}],"curies":[{"name":"wp","href":"https:\/\/api.w.org\/{rel}","templated":true}]}}