{"id":223747,"date":"2020-11-20T03:43:50","date_gmt":"2020-11-20T03:43:50","guid":{"rendered":"http:\/\/racing-radios.com\/product\/import-placeholder-for-573\/"},"modified":"2026-04-18T03:19:43","modified_gmt":"2026-04-18T03:19:43","slug":"motorola-cp200-uhf-16ch-analog-radio","status":"publish","type":"product","link":"https:\/\/racing-radios.com\/fr\/produit\/motorola-cp200-uhf-16ch-analog-radio\/","title":{"rendered":"Motorola CP200 \/ UHF \/ 4 watts \/ 16 canaux avec chargeur 90 min"},"content":{"rendered":"<p>Motorola CP200 \/ UHF \/ 4 watts \/ 16 canaux avec chargeur 90 min<\/p>","protected":false},"excerpt":{"rendered":"<div class=\"discounted_but_available\">Discontinu\u00e9 par Motorola mais disponible<\/div>\n<p>Le CP200<small><sup>MT<\/sup><\/small>\u00a0\u00a0La radio bidirectionnelle portable offre une flexibilit\u00e9 de communication accrue avec des fonctionnalit\u00e9s telles que l&#039;identification push-to-talk et l&#039;appel s\u00e9lectif. Une sortie audio puissante p\u00e9n\u00e8tre dans les environnements bruyants, offrant un son clair et net \u00e0 n&#039;importe quel volume. Une conception l\u00e9g\u00e8re et ergonomique rend cette radio confortable \u00e0 transporter et \u00e0 utiliser.<\/p>\n<p>Pour offrir la port\u00e9e la mieux adapt\u00e9e \u00e0 votre entreprise, la radio CP200 est disponible en mod\u00e8les 4W UHF et 5W VHF. Une gamme de choix de batteries et des capacit\u00e9s de recharge rapide contribuent \u00e0 garantir la disponibilit\u00e9 radio.<\/p>\n<p>&nbsp;<\/p>\n<ul>\n<li>Radio analogique Motorola CP200 \/ UHF \/ 16 canaux<\/li>\n<li>Chargeur rapide Motorola 90 minutes<\/li>\n<li>Batterie Motorola 1850 mah<\/li>\n<li>2 ans de garantie<\/li>\n<\/ul>\n<p>Pour une radio analogique\/num\u00e9rique plus compl\u00e8te, veuillez consulter le<a href=\"https:\/\/racing-radios.com\/fr\/produit\/two-way-radio-portable-motorola-cp200-digital\/\">\u00a0CP200d.<\/a><\/p>","protected":false},"featured_media":225404,"template":"","meta":[],"product_brand":[],"product_cat":[111],"product_tag":[151,422],"class_list":{"0":"post-223747","1":"product","2":"type-product","3":"status-publish","4":"has-post-thumbnail","6":"product_cat-motorola-portable-radios","7":"product_tag-motorola","8":"product_tag-motorola-cp200-uhf","10":"first","11":"instock","12":"taxable","13":"shipping-taxable","14":"purchasable","15":"product-type-simple"},"aioseo_notices":[],"_links":{"self":[{"href":"https:\/\/racing-radios.com\/fr\/wp-json\/wp\/v2\/product\/223747","targetHints":{"allow":["GET"]}}],"collection":[{"href":"https:\/\/racing-radios.com\/fr\/wp-json\/wp\/v2\/product"}],"about":[{"href":"https:\/\/racing-radios.com\/fr\/wp-json\/wp\/v2\/types\/product"}],"version-history":[{"count":3,"href":"https:\/\/racing-radios.com\/fr\/wp-json\/wp\/v2\/product\/223747\/revisions"}],"predecessor-version":[{"id":229694,"href":"https:\/\/racing-radios.com\/fr\/wp-json\/wp\/v2\/product\/223747\/revisions\/229694"}],"wp:featuredmedia":[{"embeddable":true,"href":"https:\/\/racing-radios.com\/fr\/wp-json\/wp\/v2\/media\/225404"}],"wp:attachment":[{"href":"https:\/\/racing-radios.com\/fr\/wp-json\/wp\/v2\/media?parent=223747"}],"wp:term":[{"taxonomy":"product_brand","embeddable":true,"href":"https:\/\/racing-radios.com\/fr\/wp-json\/wp\/v2\/product_brand?post=223747"},{"taxonomy":"product_cat","embeddable":true,"href":"https:\/\/racing-radios.com\/fr\/wp-json\/wp\/v2\/product_cat?post=223747"},{"taxonomy":"product_tag","embeddable":true,"href":"https:\/\/racing-radios.com\/fr\/wp-json\/wp\/v2\/product_tag?post=223747"}],"curies":[{"name":"wp","href":"https:\/\/api.w.org\/{rel}","templated":true}]}}