{"id":223734,"date":"2020-11-20T03:43:49","date_gmt":"2020-11-20T03:43:49","guid":{"rendered":"http:\/\/racing-radios.com\/product\/import-placeholder-for-537\/"},"modified":"2026-04-07T18:10:52","modified_gmt":"2026-04-07T18:10:52","slug":"elite-3db-race-car-antenna-assembly","status":"publish","type":"product","link":"https:\/\/racing-radios.com\/fr\/produit\/elite-3db-race-car-antenna-assembly\/","title":{"rendered":"Kit d'antenne  ( antenne et cable ) ELITE gain de 3Db"},"content":{"rendered":"<p>Kit d'antenne  ( antenne et cable ) ELITE gain de 3Db<\/p>","protected":false},"excerpt":{"rendered":"<p>Convient aux circuits routiers o\u00f9 la port\u00e9e du syst\u00e8me radio peut poser probl\u00e8mes.<br \/>\nCette antenne augmente la couverture RF horizontale de votre syst\u00e8me radio.<br \/>\nDisponible avec connecteur radio BNC ou Mini-UHF<\/p>","protected":false},"featured_media":225577,"template":"","meta":[],"product_brand":[],"product_cat":[116],"product_tag":[434,433],"class_list":{"0":"post-223734","1":"product","2":"type-product","3":"status-publish","4":"has-post-thumbnail","6":"product_cat-race-car-antennas","7":"product_tag-etrab4530","8":"product_tag-gain-antenna","10":"first","11":"instock","12":"taxable","13":"shipping-taxable","14":"purchasable","15":"product-type-simple"},"aioseo_notices":[],"_links":{"self":[{"href":"https:\/\/racing-radios.com\/fr\/wp-json\/wp\/v2\/product\/223734","targetHints":{"allow":["GET"]}}],"collection":[{"href":"https:\/\/racing-radios.com\/fr\/wp-json\/wp\/v2\/product"}],"about":[{"href":"https:\/\/racing-radios.com\/fr\/wp-json\/wp\/v2\/types\/product"}],"version-history":[{"count":3,"href":"https:\/\/racing-radios.com\/fr\/wp-json\/wp\/v2\/product\/223734\/revisions"}],"predecessor-version":[{"id":229701,"href":"https:\/\/racing-radios.com\/fr\/wp-json\/wp\/v2\/product\/223734\/revisions\/229701"}],"wp:featuredmedia":[{"embeddable":true,"href":"https:\/\/racing-radios.com\/fr\/wp-json\/wp\/v2\/media\/225577"}],"wp:attachment":[{"href":"https:\/\/racing-radios.com\/fr\/wp-json\/wp\/v2\/media?parent=223734"}],"wp:term":[{"taxonomy":"product_brand","embeddable":true,"href":"https:\/\/racing-radios.com\/fr\/wp-json\/wp\/v2\/product_brand?post=223734"},{"taxonomy":"product_cat","embeddable":true,"href":"https:\/\/racing-radios.com\/fr\/wp-json\/wp\/v2\/product_cat?post=223734"},{"taxonomy":"product_tag","embeddable":true,"href":"https:\/\/racing-radios.com\/fr\/wp-json\/wp\/v2\/product_tag?post=223734"}],"curies":[{"name":"wp","href":"https:\/\/api.w.org\/{rel}","templated":true}]}}