{"id":223732,"date":"2020-11-20T03:43:49","date_gmt":"2020-11-20T03:43:49","guid":{"rendered":"http:\/\/racing-radios.com\/product\/import-placeholder-for-530\/"},"modified":"2026-04-18T02:30:08","modified_gmt":"2026-04-18T02:30:08","slug":"crewmember-over-the-wall-helmet-kit-assembly-with-hmn7878-foam-earpieces","status":"publish","type":"product","link":"https:\/\/racing-radios.com\/fr\/produit\/crewmember-over-the-wall-helmet-kit-assembly-with-hmn7878-foam-earpieces\/","title":{"rendered":"kit de micro casque avec PTT int\u00e9gr\u00e9 pour membre d'\u00e9quipe ( over the wall ) avec \u00e9couteurs HMN7878"},"content":{"rendered":"<p>Racing Radios professional over the wall crewmember helmet kit<br \/>\nwith noise cancelling flex boom \/ Helmet mount PTT switch and foam earpieces.<\/p>","protected":false},"excerpt":{"rendered":"<p>Un must pour tout membre d&#039;\u00e9quipage sur Pitlane pour la s\u00e9curit\u00e9 et l&#039;efficacit\u00e9 de l&#039;\u00e9quipe<br \/>\nRegardez notre vid\u00e9o d&#039;installation facile du casque ci-dessous.<\/p>","protected":false},"featured_media":223760,"template":"","meta":[],"product_brand":[],"product_cat":[67],"product_tag":[431],"class_list":{"0":"post-223732","1":"product","2":"type-product","3":"status-publish","4":"has-post-thumbnail","6":"product_cat-for-the-crew","7":"product_tag-crewmember-helmet-kit","9":"first","10":"instock","11":"taxable","12":"shipping-taxable","13":"purchasable","14":"product-type-simple"},"aioseo_notices":[],"_links":{"self":[{"href":"https:\/\/racing-radios.com\/fr\/wp-json\/wp\/v2\/product\/223732","targetHints":{"allow":["GET"]}}],"collection":[{"href":"https:\/\/racing-radios.com\/fr\/wp-json\/wp\/v2\/product"}],"about":[{"href":"https:\/\/racing-radios.com\/fr\/wp-json\/wp\/v2\/types\/product"}],"version-history":[{"count":4,"href":"https:\/\/racing-radios.com\/fr\/wp-json\/wp\/v2\/product\/223732\/revisions"}],"predecessor-version":[{"id":229891,"href":"https:\/\/racing-radios.com\/fr\/wp-json\/wp\/v2\/product\/223732\/revisions\/229891"}],"wp:featuredmedia":[{"embeddable":true,"href":"https:\/\/racing-radios.com\/fr\/wp-json\/wp\/v2\/media\/223760"}],"wp:attachment":[{"href":"https:\/\/racing-radios.com\/fr\/wp-json\/wp\/v2\/media?parent=223732"}],"wp:term":[{"taxonomy":"product_brand","embeddable":true,"href":"https:\/\/racing-radios.com\/fr\/wp-json\/wp\/v2\/product_brand?post=223732"},{"taxonomy":"product_cat","embeddable":true,"href":"https:\/\/racing-radios.com\/fr\/wp-json\/wp\/v2\/product_cat?post=223732"},{"taxonomy":"product_tag","embeddable":true,"href":"https:\/\/racing-radios.com\/fr\/wp-json\/wp\/v2\/product_tag?post=223732"}],"curies":[{"name":"wp","href":"https:\/\/api.w.org\/{rel}","templated":true}]}}