{"id":223711,"date":"2020-11-20T03:43:28","date_gmt":"2020-11-20T03:43:28","guid":{"rendered":"http:\/\/racing-radios.com\/product\/import-placeholder-for-517\/"},"modified":"2026-04-16T16:35:40","modified_gmt":"2026-04-16T16:35:40","slug":"racing-radios-harness-cp200-style-imsa-helmet-connector","status":"publish","type":"product","link":"https:\/\/racing-radios.com\/fr\/produit\/racing-radios-harness-cp200-style-imsa-helmet-connector\/","title":{"rendered":"Harnais RACING RADIOS \/ Style CP200 \/ avec connecteur de casque IMSA."},"content":{"rendered":"<p>Harnais RACING RADIOS \/ Style CP200 \/ avec connecteur de casque IMSA.<\/p>","protected":false},"excerpt":{"rendered":"<p>Harnais de qualit\u00e9 sup\u00e9rieure Racing Radios . Fabriqu\u00e9 aux Etats-Unis pour  les kits de micro casque avec connecteur IMSA.<br \/>\net radios Motorola \u00e0 2 broches.<\/p>","protected":false},"featured_media":225324,"template":"","meta":[],"product_brand":[],"product_cat":[114],"product_tag":[449,450],"class_list":{"0":"post-223711","1":"product","2":"type-product","3":"status-publish","4":"has-post-thumbnail","6":"product_cat-incar-wiring-harness","7":"product_tag-incar-imsa-radio-harness","8":"product_tag-incar-wiring-harness","10":"first","11":"instock","12":"taxable","13":"shipping-taxable","14":"purchasable","15":"product-type-simple"},"aioseo_notices":[],"_links":{"self":[{"href":"https:\/\/racing-radios.com\/fr\/wp-json\/wp\/v2\/product\/223711","targetHints":{"allow":["GET"]}}],"collection":[{"href":"https:\/\/racing-radios.com\/fr\/wp-json\/wp\/v2\/product"}],"about":[{"href":"https:\/\/racing-radios.com\/fr\/wp-json\/wp\/v2\/types\/product"}],"version-history":[{"count":2,"href":"https:\/\/racing-radios.com\/fr\/wp-json\/wp\/v2\/product\/223711\/revisions"}],"predecessor-version":[{"id":229713,"href":"https:\/\/racing-radios.com\/fr\/wp-json\/wp\/v2\/product\/223711\/revisions\/229713"}],"wp:featuredmedia":[{"embeddable":true,"href":"https:\/\/racing-radios.com\/fr\/wp-json\/wp\/v2\/media\/225324"}],"wp:attachment":[{"href":"https:\/\/racing-radios.com\/fr\/wp-json\/wp\/v2\/media?parent=223711"}],"wp:term":[{"taxonomy":"product_brand","embeddable":true,"href":"https:\/\/racing-radios.com\/fr\/wp-json\/wp\/v2\/product_brand?post=223711"},{"taxonomy":"product_cat","embeddable":true,"href":"https:\/\/racing-radios.com\/fr\/wp-json\/wp\/v2\/product_cat?post=223711"},{"taxonomy":"product_tag","embeddable":true,"href":"https:\/\/racing-radios.com\/fr\/wp-json\/wp\/v2\/product_tag?post=223711"}],"curies":[{"name":"wp","href":"https:\/\/api.w.org\/{rel}","templated":true}]}}