{"id":223702,"date":"2021-01-18T03:43:27","date_gmt":"2021-01-18T03:43:27","guid":{"rendered":"http:\/\/racing-radios.com\/product\/import-placeholder-for-491\/"},"modified":"2026-04-03T20:46:08","modified_gmt":"2026-04-03T20:46:08","slug":"racing-radios-hydroplane-digital-radio-system","status":"publish","type":"product","link":"https:\/\/racing-radios.com\/fr\/produit\/racing-radios-hydroplane-digital-radio-system\/","title":{"rendered":"Racing Radios Hydroplane DIGITAL Radio System"},"content":{"rendered":"<p>Racing Radios Hydroplane DIGITAL Radio System<\/p>","protected":false},"excerpt":{"rendered":"<p>&nbsp;<\/p>\n<p>Avec les radios Motorola XPR6350<br \/>\nHarnais sp\u00e9cial pour bateaux<br \/>\n\u00c9tui en cuir pour monter la radio en toute s\u00e9curit\u00e9<br \/>\nInstallation de microphone dans le masque<\/p>\n<p>sont Inclus \u00a0:<\/p>\n<p><strong>POUR LE BATEAU<\/strong><\/p>\n<ul>\n<li>Radio DIGITALE Motorola XPR6350 submersible \/ UHF \/ 4 watts \/ 16 canaux<\/li>\n<li>Harnais Bateau \/ Motorola s\u00e9rie XPR \/ connecteur de casque IMSA<\/li>\n<li>PTT switch montage de surface submersible<\/li>\n<li>\u00c9tui en cuir pour radio Motorola s\u00e9rie XPR<\/li>\n<\/ul>\n<p><strong>POUR LE PILOTE<\/strong><\/p>\n<ul>\n<li>Installation du micro et filage dans le masque<\/li>\n<li>\u00c9couteurs moul\u00e9s Racing Radios personnalis\u00e9s<\/li>\n<\/ul>\n<p><strong>POUR L'\u00c9QUIPE<\/strong><\/p>\n<ul>\n<li>\u00a0Radio DIGITALE Motorola XPR6350 submersible \/ UHF \/ 4 watts \/ 16 canaux<\/li>\n<li>\u00a0Headset BTH  Racing Radios<\/li>\n<li>\u00a0Ceinture Nylon Racing Radios<\/li>\n<li>Chargeurs rapides Motorola 90 min<\/li>\n<li>Malette de transport<\/li>\n<li>2 ans de garantie<\/li>\n<\/ul>","protected":false},"featured_media":228672,"template":"","meta":[],"product_brand":[],"product_cat":[73],"product_tag":[345,347,346],"class_list":{"0":"post-223702","1":"product","2":"type-product","3":"status-publish","4":"has-post-thumbnail","6":"wc_square_synced-yes","7":"product_cat-complete-radio-system","8":"product_tag-hydroplane-radio-system","9":"product_tag-water-resistant-hydroplane-radio-system","10":"product_tag-xpr6350-radio-ystem","12":"first","13":"instock","14":"taxable","15":"shipping-taxable","16":"purchasable","17":"product-type-simple"},"aioseo_notices":[],"_links":{"self":[{"href":"https:\/\/racing-radios.com\/fr\/wp-json\/wp\/v2\/product\/223702","targetHints":{"allow":["GET"]}}],"collection":[{"href":"https:\/\/racing-radios.com\/fr\/wp-json\/wp\/v2\/product"}],"about":[{"href":"https:\/\/racing-radios.com\/fr\/wp-json\/wp\/v2\/types\/product"}],"version-history":[{"count":5,"href":"https:\/\/racing-radios.com\/fr\/wp-json\/wp\/v2\/product\/223702\/revisions"}],"predecessor-version":[{"id":229779,"href":"https:\/\/racing-radios.com\/fr\/wp-json\/wp\/v2\/product\/223702\/revisions\/229779"}],"wp:featuredmedia":[{"embeddable":true,"href":"https:\/\/racing-radios.com\/fr\/wp-json\/wp\/v2\/media\/228672"}],"wp:attachment":[{"href":"https:\/\/racing-radios.com\/fr\/wp-json\/wp\/v2\/media?parent=223702"}],"wp:term":[{"taxonomy":"product_brand","embeddable":true,"href":"https:\/\/racing-radios.com\/fr\/wp-json\/wp\/v2\/product_brand?post=223702"},{"taxonomy":"product_cat","embeddable":true,"href":"https:\/\/racing-radios.com\/fr\/wp-json\/wp\/v2\/product_cat?post=223702"},{"taxonomy":"product_tag","embeddable":true,"href":"https:\/\/racing-radios.com\/fr\/wp-json\/wp\/v2\/product_tag?post=223702"}],"curies":[{"name":"wp","href":"https:\/\/api.w.org\/{rel}","templated":true}]}}