{"id":223699,"date":"2020-11-20T03:43:27","date_gmt":"2020-11-20T03:43:27","guid":{"rendered":"http:\/\/racing-radios.com\/product\/import-placeholder-for-482\/"},"modified":"2026-04-15T12:32:15","modified_gmt":"2026-04-15T12:32:15","slug":"racing-antennae-for-uniden-scanners","status":"publish","type":"product","link":"https:\/\/racing-radios.com\/fr\/produit\/racing-antennae-for-uniden-scanners\/","title":{"rendered":"Antenne anti brouillage pour scanners UNIDEN"},"content":{"rendered":"<p>Antenne anti brouillage pour scanners UNIDEN<\/p>","protected":false},"excerpt":{"rendered":"<p>\u00c9limine les interf\u00e9rences des autres bandes de fr\u00e9quences sur la piste<\/p>","protected":false},"featured_media":226600,"template":"","meta":[],"product_brand":[],"product_cat":[134],"product_tag":[458,459],"class_list":{"0":"post-223699","1":"product","2":"type-product","3":"status-publish","4":"has-post-thumbnail","6":"product_cat-scanner-accessories","7":"product_tag-scanner-antennae","8":"product_tag-uniden-scanner-antenna","10":"first","11":"instock","12":"taxable","13":"shipping-taxable","14":"purchasable","15":"product-type-simple"},"aioseo_notices":[],"_links":{"self":[{"href":"https:\/\/racing-radios.com\/fr\/wp-json\/wp\/v2\/product\/223699","targetHints":{"allow":["GET"]}}],"collection":[{"href":"https:\/\/racing-radios.com\/fr\/wp-json\/wp\/v2\/product"}],"about":[{"href":"https:\/\/racing-radios.com\/fr\/wp-json\/wp\/v2\/types\/product"}],"version-history":[{"count":2,"href":"https:\/\/racing-radios.com\/fr\/wp-json\/wp\/v2\/product\/223699\/revisions"}],"predecessor-version":[{"id":229720,"href":"https:\/\/racing-radios.com\/fr\/wp-json\/wp\/v2\/product\/223699\/revisions\/229720"}],"wp:featuredmedia":[{"embeddable":true,"href":"https:\/\/racing-radios.com\/fr\/wp-json\/wp\/v2\/media\/226600"}],"wp:attachment":[{"href":"https:\/\/racing-radios.com\/fr\/wp-json\/wp\/v2\/media?parent=223699"}],"wp:term":[{"taxonomy":"product_brand","embeddable":true,"href":"https:\/\/racing-radios.com\/fr\/wp-json\/wp\/v2\/product_brand?post=223699"},{"taxonomy":"product_cat","embeddable":true,"href":"https:\/\/racing-radios.com\/fr\/wp-json\/wp\/v2\/product_cat?post=223699"},{"taxonomy":"product_tag","embeddable":true,"href":"https:\/\/racing-radios.com\/fr\/wp-json\/wp\/v2\/product_tag?post=223699"}],"curies":[{"name":"wp","href":"https:\/\/api.w.org\/{rel}","templated":true}]}}