{"id":223647,"date":"2020-11-20T03:42:58","date_gmt":"2020-11-20T03:42:58","guid":{"rendered":"http:\/\/racing-radios.com\/product\/import-placeholder-for-412\/"},"modified":"2026-04-08T09:46:45","modified_gmt":"2026-04-08T09:46:45","slug":"two-way-radio-portable-motorola-cp200-digital","status":"publish","type":"product","link":"https:\/\/racing-radios.com\/fr\/produit\/two-way-radio-portable-motorola-cp200-digital\/","title":{"rendered":"Two-way Radio \/ portable \/ Motorola \/ CP200D Digital"},"content":{"rendered":"<p>Two-way Radio \/ portable \/ Motorola \/ CP200D Digital<\/p>","protected":false},"excerpt":{"rendered":"<div class=\"discounted_but_available\">Discontinu\u00e9 par Motorola mais disponible<\/div>\n<p>Simple et abordable, la radio CP200d connecte efficacement votre \u00e9quipe de course . En combinant le meilleur des  fonctionnalit\u00e9s de radio bidirectionnelle avec les derni\u00e8res technologies analogiques et num\u00e9riques, le CP200d est parfait pour l'utilisateur exigeant qui recherche la durabilit\u00e9 . Il est enti\u00e8rement compatible avec la famille de radios MOTOTRBO et offre une qualit\u00e9 audio sup\u00e9rieure, une couverture exceptionnelle, une autonomie longue dur\u00e9e et bien plus encore. Vous pouvez \u00e9galement choisir le mod\u00e8le analogique uniquement, qui vous offre aujourd'hui d'excellentes communications vocales avec la possibilit\u00e9 de migrer vers le num\u00e9rique lorsque vous \u00eates pr\u00eat. Quels que soient vos besoins, le CP200d offre une solution de communication simple, fiable et \u00e9conomique pour aider les \u00e9quipes \u00e0 se connecter pour une bonne gestion de course.<\/p>\n<p>&nbsp;<\/p>\n<ul>\n<li>Radio NUM\u00c9RIQUE Motorola CP200D \/ UHF \/ 16 canaux<\/li>\n<li>Chargeur rapide 90 minutes<\/li>\n<li>Batterie Motorola 1850 mah<\/li>\n<li>2 ans de garantie<\/li>\n<\/ul>","protected":false},"featured_media":225405,"template":"","meta":[],"product_brand":[],"product_cat":[111],"product_tag":[473],"class_list":{"0":"post-223647","1":"product","2":"type-product","3":"status-publish","4":"has-post-thumbnail","6":"product_cat-motorola-portable-radios","7":"product_tag-motorola-cp200d-radio","9":"first","10":"instock","11":"taxable","12":"shipping-taxable","13":"purchasable","14":"product-type-simple"},"aioseo_notices":[],"_links":{"self":[{"href":"https:\/\/racing-radios.com\/fr\/wp-json\/wp\/v2\/product\/223647","targetHints":{"allow":["GET"]}}],"collection":[{"href":"https:\/\/racing-radios.com\/fr\/wp-json\/wp\/v2\/product"}],"about":[{"href":"https:\/\/racing-radios.com\/fr\/wp-json\/wp\/v2\/types\/product"}],"version-history":[{"count":4,"href":"https:\/\/racing-radios.com\/fr\/wp-json\/wp\/v2\/product\/223647\/revisions"}],"predecessor-version":[{"id":229909,"href":"https:\/\/racing-radios.com\/fr\/wp-json\/wp\/v2\/product\/223647\/revisions\/229909"}],"wp:featuredmedia":[{"embeddable":true,"href":"https:\/\/racing-radios.com\/fr\/wp-json\/wp\/v2\/media\/225405"}],"wp:attachment":[{"href":"https:\/\/racing-radios.com\/fr\/wp-json\/wp\/v2\/media?parent=223647"}],"wp:term":[{"taxonomy":"product_brand","embeddable":true,"href":"https:\/\/racing-radios.com\/fr\/wp-json\/wp\/v2\/product_brand?post=223647"},{"taxonomy":"product_cat","embeddable":true,"href":"https:\/\/racing-radios.com\/fr\/wp-json\/wp\/v2\/product_cat?post=223647"},{"taxonomy":"product_tag","embeddable":true,"href":"https:\/\/racing-radios.com\/fr\/wp-json\/wp\/v2\/product_tag?post=223647"}],"curies":[{"name":"wp","href":"https:\/\/api.w.org\/{rel}","templated":true}]}}