{"id":223640,"date":"2020-11-20T03:42:58","date_gmt":"2020-11-20T03:42:58","guid":{"rendered":"http:\/\/racing-radios.com\/product\/import-placeholder-for-340\/"},"modified":"2026-05-05T06:53:22","modified_gmt":"2026-05-05T06:53:22","slug":"custom-molded-crewmembers-earpieces","status":"publish","type":"product","link":"https:\/\/racing-radios.com\/fr\/produit\/custom-molded-crewmembers-earpieces\/","title":{"rendered":"Custom Molded crewmembers Earpieces"},"content":{"rendered":"<p>\u00c9couteurs moul\u00e9s sur mesure \/ corde 36 po pour vos membres d'\u00e9quipe<\/p>","protected":false},"excerpt":{"rendered":"<p>Confort ultime pour les membres d'\u00e9quipe.<br \/>\nMeilleure att\u00e9nuation du bruit et haut parleurs miniatures \u00e0 haute efficacit\u00e9.<br \/>\nNos \u00e9couteurs moul\u00e9s sur mesure sont fabriqu\u00e9s a nos bureaux avec un processus 3D pour contr\u00f4le de qualit\u00e9.<br \/>\net sont pr\u00eats \u00e0 \u00eatre exp\u00e9di\u00e9s dans 4 jours.<br \/>\n(n\u00e9cessite les empreintes auriculaires des utilisateurs)<\/p>","protected":false},"featured_media":231487,"template":"","meta":[],"product_brand":[],"product_cat":[131],"product_tag":[218],"class_list":{"0":"post-223640","1":"product","2":"type-product","3":"status-publish","4":"has-post-thumbnail","6":"product_cat-crewmember-radio-system-accessories","7":"product_tag-crewmember-earpieces","9":"first","10":"instock","11":"taxable","12":"shipping-taxable","13":"purchasable","14":"product-type-simple"},"aioseo_notices":[],"_links":{"self":[{"href":"https:\/\/racing-radios.com\/fr\/wp-json\/wp\/v2\/product\/223640","targetHints":{"allow":["GET"]}}],"collection":[{"href":"https:\/\/racing-radios.com\/fr\/wp-json\/wp\/v2\/product"}],"about":[{"href":"https:\/\/racing-radios.com\/fr\/wp-json\/wp\/v2\/types\/product"}],"version-history":[{"count":3,"href":"https:\/\/racing-radios.com\/fr\/wp-json\/wp\/v2\/product\/223640\/revisions"}],"predecessor-version":[{"id":231515,"href":"https:\/\/racing-radios.com\/fr\/wp-json\/wp\/v2\/product\/223640\/revisions\/231515"}],"wp:featuredmedia":[{"embeddable":true,"href":"https:\/\/racing-radios.com\/fr\/wp-json\/wp\/v2\/media\/231487"}],"wp:attachment":[{"href":"https:\/\/racing-radios.com\/fr\/wp-json\/wp\/v2\/media?parent=223640"}],"wp:term":[{"taxonomy":"product_brand","embeddable":true,"href":"https:\/\/racing-radios.com\/fr\/wp-json\/wp\/v2\/product_brand?post=223640"},{"taxonomy":"product_cat","embeddable":true,"href":"https:\/\/racing-radios.com\/fr\/wp-json\/wp\/v2\/product_cat?post=223640"},{"taxonomy":"product_tag","embeddable":true,"href":"https:\/\/racing-radios.com\/fr\/wp-json\/wp\/v2\/product_tag?post=223640"}],"curies":[{"name":"wp","href":"https:\/\/api.w.org\/{rel}","templated":true}]}}