{"id":223637,"date":"2020-11-20T03:42:57","date_gmt":"2020-11-20T03:42:57","guid":{"rendered":"http:\/\/racing-radios.com\/product\/import-placeholder-for-334\/"},"modified":"2026-04-15T12:02:23","modified_gmt":"2026-04-15T12:02:23","slug":"driver-foam-earpieces","status":"publish","type":"product","link":"https:\/\/racing-radios.com\/fr\/produit\/driver-foam-earpieces\/","title":{"rendered":"\u00c9couteurs en mousse pour pilotes"},"content":{"rendered":"<p>Oreillettes haute efficacit\u00e9 en mousse de qualit\u00e9 professionnelle pour pilotes<\/p>","protected":false},"excerpt":{"rendered":"<p>Professional Grade 18 inches Foam Earpieces for drivers.<\/p>","protected":false},"featured_media":228765,"template":"","meta":[],"product_brand":[],"product_cat":[120],"product_tag":[478],"class_list":{"0":"post-223637","1":"product","2":"type-product","3":"status-publish","4":"has-post-thumbnail","6":"product_cat-driver-earpieces","7":"product_tag-driver-foam-earoieces","9":"first","10":"instock","11":"taxable","12":"shipping-taxable","13":"purchasable","14":"product-type-simple"},"aioseo_notices":[],"_links":{"self":[{"href":"https:\/\/racing-radios.com\/fr\/wp-json\/wp\/v2\/product\/223637","targetHints":{"allow":["GET"]}}],"collection":[{"href":"https:\/\/racing-radios.com\/fr\/wp-json\/wp\/v2\/product"}],"about":[{"href":"https:\/\/racing-radios.com\/fr\/wp-json\/wp\/v2\/types\/product"}],"version-history":[{"count":3,"href":"https:\/\/racing-radios.com\/fr\/wp-json\/wp\/v2\/product\/223637\/revisions"}],"predecessor-version":[{"id":229913,"href":"https:\/\/racing-radios.com\/fr\/wp-json\/wp\/v2\/product\/223637\/revisions\/229913"}],"wp:featuredmedia":[{"embeddable":true,"href":"https:\/\/racing-radios.com\/fr\/wp-json\/wp\/v2\/media\/228765"}],"wp:attachment":[{"href":"https:\/\/racing-radios.com\/fr\/wp-json\/wp\/v2\/media?parent=223637"}],"wp:term":[{"taxonomy":"product_brand","embeddable":true,"href":"https:\/\/racing-radios.com\/fr\/wp-json\/wp\/v2\/product_brand?post=223637"},{"taxonomy":"product_cat","embeddable":true,"href":"https:\/\/racing-radios.com\/fr\/wp-json\/wp\/v2\/product_cat?post=223637"},{"taxonomy":"product_tag","embeddable":true,"href":"https:\/\/racing-radios.com\/fr\/wp-json\/wp\/v2\/product_tag?post=223637"}],"curies":[{"name":"wp","href":"https:\/\/api.w.org\/{rel}","templated":true}]}}