{"id":674,"date":"2020-04-15T22:05:13","date_gmt":"2020-04-15T22:05:13","guid":{"rendered":"http:\/\/racing-radios.com\/?page_id=674"},"modified":"2026-03-18T07:46:13","modified_gmt":"2026-03-18T07:46:13","slug":"our-links","status":"publish","type":"page","link":"https:\/\/racing-radios.com\/fr\/our-links\/","title":{"rendered":"Nos liens"},"content":{"rendered":"<div data-elementor-type=\"wp-page\" data-elementor-id=\"674\" class=\"elementor elementor-674\" data-elementor-post-type=\"page\">\n\t\t\t\t\t\t<section class=\"elementor-section elementor-top-section elementor-element elementor-element-93af799 elementor-section-boxed elementor-section-height-default elementor-section-height-default\" data-id=\"93af799\" data-element_type=\"section\" data-e-type=\"section\">\n\t\t\t\t\t\t<div class=\"elementor-container elementor-column-gap-default\">\n\t\t\t\t\t<div class=\"elementor-column elementor-col-100 elementor-top-column elementor-element elementor-element-614f8f8\" data-id=\"614f8f8\" data-element_type=\"column\" data-e-type=\"column\">\n\t\t\t<div class=\"elementor-widget-wrap elementor-element-populated\">\n\t\t\t\t\t\t<div class=\"elementor-element elementor-element-53d2778 our-links elementor-widget elementor-widget-text-editor\" data-id=\"53d2778\" data-element_type=\"widget\" data-e-type=\"widget\" data-widget_type=\"text-editor.default\">\n\t\t\t\t<div class=\"elementor-widget-container\">\n\t\t\t\t\t\t\t\t\t<p><a href=\"http:\/\/www.agassizspeedway.com\/\" target=\"_blank\" rel=\"noopener\">Circuit automobile d&#039;Agassiz<br>Agassiz, Colombie-Britannique<\/a><\/p>\n<p><a href=\"https:\/\/www.area27.ca\/\" target=\"_blank\" rel=\"noopener\">Zone 27<br>Oliver, Colombie-Britannique<\/a><\/p>\n<p><a href=\"http:\/\/www.atlanticmotorsportpark.com\/\" target=\"_blank\" rel=\"noopener\">Parc automobile de l&#039;Atlantique<br>Shub\u00e9nacadie, Nouvelle-\u00c9cosse<\/a><\/p>\n<p><a href=\"http:\/\/www.autodromechaudiere.com\/\" target=\"_blank\" rel=\"noopener\">Autodrome Chaudi\u00e8re<br>Vall\u00e9e-Jonction, Qu\u00e9bec<\/a><\/p>\n<p><a href=\"http:\/\/www.autodromemontmagnyspeedway.com\/\" target=\"_blank\" rel=\"noopener\">Autodrome Montmagny<br>Montmagny, Qu\u00e9bec<\/a><\/p>\n<p><a href=\"http:\/\/www.autodromestfelicien.ca\/\" target=\"_blank\" rel=\"noopener\">Autodrome St-F\u00e9licien<br>Saint-F\u00e9licien, Qu\u00e9bec<\/a><\/p>\n<p><a href=\"http:\/\/www.calabogiemotorsports.com\/\" target=\"_blank\" rel=\"noopener\">Parc de sports motoris\u00e9s de Calabogie<br>Calabogie, Ontario<\/a><\/p>\n<p><a href=\"http:\/\/www.ctmpark.com\/\" target=\"_blank\" rel=\"noopener\">Parc de sport automobile Canadian Tire<br>Bowmanville, Ontario<\/a><\/p>\n<p><a href=\"http:\/\/www.centreforspeed.com\/\" target=\"_blank\" rel=\"noopener\">Centre For Speed \u2013 Barachois Speedway<br>Sh\u00e9diac, Nouveau-Brunswick<\/a><\/p>\n<p><a href=\"http:\/\/www.circuitgillesvilleneuve.ca\/\" target=\"_blank\" rel=\"noopener\">Circuit Gilles-Villeneuve<br>Montreal, Quebec<\/a><\/p>\n<p><a href=\"http:\/\/www.icarexperience.com\/\" target=\"_blank\" rel=\"noopener\">Circuit ICAR<br>Mirabel, Qu\u00e9bec<\/a><\/p>\n<p><a href=\"http:\/\/www.lecircuit.com\/\" target=\"_blank\" rel=\"noopener\">Circuit Mont-Tremblant<br>Mont-Tremblant, Qu\u00e9bec<\/a><\/p>\n<p><a href=\"http:\/\/www.mecaglisse.com\/\" target=\"_blank\" rel=\"noopener\">Circuit M\u00e9caglisse<br>Notre-Dame-de-la-Merci, Qu\u00e9bec<\/a><\/p>\n<p><a href=\"http:\/\/www.delawarespeedway.com\/\" target=\"_blank\" rel=\"noopener\">Circuit automobile du Delaware<br>Delaware, Ontario<\/a><\/p>\n<p><a href=\"http:\/\/www.eastboundpark.com\/\" target=\"_blank\" rel=\"noopener\">Circuit automobile international en direction est<br>Avondale, Terre-Neuve<\/a><\/p>\n<p><a href=\"http:\/\/www.edmontonraceway.com\/\" target=\"_blank\" rel=\"noopener\">Circuit international d&#039;Edmonton<br>Wetaskiwin (Alberta)<\/a><\/p>\n<p><a href=\"http:\/\/www.flamborospeedway.ca\/\" target=\"_blank\" rel=\"noopener\">Circuit Flamboro<br>Freelton, Ontario<\/a><\/p>\n<p><a href=\"http:\/\/www.fullthrottlemotorspeedway.com\/\" target=\"_blank\" rel=\"noopener\">Circuit automobile \u00e0 plein r\u00e9gime<br>Durham, Ontario<\/a><\/p>\n<p><a href=\"http:\/\/www.gp3r.com\/\" target=\"_blank\" rel=\"noopener\">Grand Prix de Trois-Rivi\u00e8res<br>Trois-Rivi\u00e8res, Qu\u00e9bec<\/a><\/p>\n<p><a href=\"http:\/\/www.lairdraceway.com\/\" target=\"_blank\" rel=\"noopener\">Circuit international de Laird<br>Sault Ste.Marie, Ontario<\/a><\/p>\n<p><a href=\"http:\/\/www.lqma.ca\/\" target=\"_blank\" rel=\"noopener\">Langley QMS<br>Aldergrove, Colombie-Britannique<\/a><\/p>\n<p><a href=\"http:\/\/www.missionraceway.com\/\" target=\"_blank\" rel=\"noopener\">Parc du circuit de Mission<br>Mission, Colombie-Britannique<\/a><\/p>\n<p><a href=\"http:\/\/www.motoplexspeedway.com\/\" target=\"_blank\" rel=\"noopener\">Circuit Motoplex<br>Sun Valley, Colombie-Britannique<\/a><\/p>\n<p><a href=\"http:\/\/www.pgara.ca\/\" target=\"_blank\" rel=\"noopener\">Circuit automobile PGARA<br>Prince George, Colombie-Britannique<\/a><\/p>\n<p><a href=\"http:\/\/www.pentictonspeedway.com\/\" target=\"_blank\" rel=\"noopener\">Circuit automobile de Penticton<br>Penticton, Colombie-Britannique<\/a><\/p>\n<p><a href=\"http:\/\/www.peterboroughspeedway.com\/\" target=\"_blank\" rel=\"noopener\">Circuit automobile de Peterborough<br>Peterborough (Ontario)<\/a><\/p>\n<p><a href=\"http:\/\/www.riversidespeedway.ca\/\" target=\"_blank\" rel=\"noopener\">Circuit automobile international Riverside<br>Antigonish, Nouvelle-\u00c9cosse<\/a><\/p>\n<p><a href=\"http:\/\/www.riverside-speedway.ca\/\" target=\"_blank\" rel=\"noopener\">Riverside Speedway \u2013 Circuit Ste-Croix<br>Sainte-Croix, Qu\u00e9bec<\/a><\/p>\n<p><a href=\"http:\/\/www.saublespeedway.com\/\" target=\"_blank\" rel=\"noopener\">Circuit Sauble<br>Plage de Sauble, Ontario<\/a><\/p>\n<p><a href=\"http:\/\/www.scotiaspeedworld.ca\/\" target=\"_blank\" rel=\"noopener\">Scotia Speedworld<br>Halifax, Nouvelle-\u00c9cosse<\/a><\/p>\n<p><a href=\"http:\/\/www.shannonville.com\/\" target=\"_blank\" rel=\"noopener\">Parc de sport automobile de Shannonville<br>Shannonville, Ontario<\/a><\/p>\n<p><a href=\"http:\/\/speedway660.com\/\" target=\"_blank\" rel=\"noopener\">Circuit automobile 660<br>Fredericton, Nouveau-Brunswick<\/a><\/p>\n<p><a href=\"http:\/\/www.sunsetspeedway.ca\/\" target=\"_blank\" rel=\"noopener\">Circuit automobile international du coucher du soleil<br>Stroud, Ontario<\/a><\/p>\n<p><a href=\"http:\/\/www.terracespeedway.ca\/\" target=\"_blank\" rel=\"noopener\" style=\"font-family: var( --e-global-typography-text-font-family ), Sans-serif; font-weight: var( --e-global-typography-text-font-weight ); background-color: rgb(255, 255, 255); font-size: 1rem;\">Terrasse, Colombie-Britannique<\/a><br><\/p>\n<p><a href=\"http:\/\/www.thundermountainspeedway.ca\/\" target=\"_blank\" rel=\"noopener\">Circuit automobile de Thunder Mountain<br>Williams Lake, Colombie-Britannique<\/a><\/p>\n<p><a href=\"http:\/\/www.hondaindytoronto.com\/\" target=\"_blank\" rel=\"noopener\">Indy de Toronto<br>Toronto, Ontario<\/a><\/p>\n<p><a href=\"http:\/\/www.torontomotorsportspark.com\/\" target=\"_blank\" rel=\"noopener\">Parc des sports m\u00e9caniques de Toronto<br>Cayuga, Ontario<\/a><\/p>\n<p><a href=\"http:\/\/www.westernspeedway.net\/\" target=\"_blank\" rel=\"noopener\">Circuit automobile de l&#039;Ouest<br>Victoria, Colombie-Britannique<\/a><\/p>\n<p><a href=\"http:\/\/www.wyantgroupraceway.ca\/\" target=\"_blank\" rel=\"noopener\">Circuit du groupe Wyant<br>Saskatoon (Saskatchewan)<\/a><\/p>\n<p><a href=\"http:\/\/www.asrq.com\/\" target=\"_blank\" rel=\"noopener\" style=\"font-family: var( --e-global-typography-text-font-family ), Sans-serif; font-weight: var( --e-global-typography-text-font-weight ); background-color: rgb(255, 255, 255); font-size: 1rem;\">ASRQ<\/a><br><\/p>\n<p><a href=\"http:\/\/www.asrq.com\/\" target=\"_blank\" rel=\"noopener\">Association des Signaleurs du Qu\u00e9bec<\/a><\/p>\n<p><a href=\"http:\/\/www.ecrc-crec.com\/\" target=\"_blank\" rel=\"noopener\" style=\"font-family: var( --e-global-typography-text-font-family ), Sans-serif; font-weight: var( --e-global-typography-text-font-weight ); background-color: rgb(255, 255, 255); font-size: 1rem;\">Organisation championnat interprovincial<\/a><br><\/p>\n<p><a href=\"http:\/\/www.rsq.qc.ca\/\" target=\"_blank\" rel=\"noopener\">Championnat des Rallyes du Qu\u00e9bec<br>Organisation championnat provincial<\/a><\/p>\n<p><a href=\"http:\/\/www.coupemicra.com\/\" target=\"_blank\" rel=\"noopener\">Coup\u00e9 Nissan Micra<br>Organisation championnat national<\/a><\/p>\n<p><a href=\"http:\/\/www.f1600canada.com\/\" target=\"_blank\" rel=\"noopener\">Formule 1600 Canada<br>Organisation championnat national<\/a><\/p>\n<p><a href=\"http:\/\/www.gp3r.com\/\" target=\"_blank\" rel=\"noopener\">Grand Prix de Trois-Rivi\u00e8res<br>\u00c9v\u00e9nement<\/a><\/p>\n<p><a href=\"http:\/\/www.circuitgillesvilleneuve.ca\/\" target=\"_blank\" rel=\"noopener\">Grand Prix du Canada F1<br>\u00c9v\u00e9nement<\/a><\/p>\n<p><a href=\"http:\/\/www.museegillesvilleneuve.com\/\" target=\"_blank\" rel=\"noopener\">Mus\u00e9e Gilles-Villeneuve<br>Seul mus\u00e9e canadien permanent de sport automobile<\/a><\/p>\n<p><a href=\"http:\/\/www.hometracks.nascar.com\/series\/6\" target=\"_blank\" rel=\"noopener\">NASCAR Pinty\u2019s Series<br>Organisation championnat national<\/a><\/p>\n<p><a href=\"http:\/\/www.superproductionchallenge.coma\/\" target=\"_blank\" rel=\"noopener\">D\u00e9fi de super production<br>Organisation championnat provincial<\/a><\/p>\t\t\t\t\t\t\t\t<\/div>\n\t\t\t\t<\/div>\n\t\t\t\t\t<\/div>\n\t\t<\/div>\n\t\t\t\t\t<\/div>\n\t\t<\/section>\n\t\t\t\t<\/div>","protected":false},"excerpt":{"rendered":"<p>Agassiz Speedway Agassiz, Colombie-Britannique Area 27 Oliver, Colombie-Britannique Atlantic Motorsport Park Shubenacadie, Nouvelle-\u00c9cosse Autodrome Chaudi\u00e8re Vall\u00e9e-Jonction, Qu\u00e9bec Autodrome Montmagny Montmagny, Qu\u00e9bec Autodrome St-F\u00e9licien St-F\u00e9licien, Qu\u00e9bec Calabogie Motorsports Park Calabogie, Ontario Canadian Tire Motorsport Park Bowmanville, Ontario Centre For Speed \u2013 Barachois Speedway Shediac, Nouveau-Brunswick Circuit Gilles-Villeneuve Montr\u00e9al, Qu\u00e9bec Circuit ICAR Mirabel, Qu\u00e9bec Circuit Mont-Tremblant Mont-Tremblant, [&hellip;]<\/p>\n","protected":false},"author":12,"featured_media":0,"parent":0,"menu_order":0,"comment_status":"closed","ping_status":"closed","template":"elementor_header_footer","meta":{"footnotes":""},"class_list":["post-674","page","type-page","status-publish","hentry"],"aioseo_notices":[],"_links":{"self":[{"href":"https:\/\/racing-radios.com\/fr\/wp-json\/wp\/v2\/pages\/674","targetHints":{"allow":["GET"]}}],"collection":[{"href":"https:\/\/racing-radios.com\/fr\/wp-json\/wp\/v2\/pages"}],"about":[{"href":"https:\/\/racing-radios.com\/fr\/wp-json\/wp\/v2\/types\/page"}],"author":[{"embeddable":true,"href":"https:\/\/racing-radios.com\/fr\/wp-json\/wp\/v2\/users\/12"}],"replies":[{"embeddable":true,"href":"https:\/\/racing-radios.com\/fr\/wp-json\/wp\/v2\/comments?post=674"}],"version-history":[{"count":18,"href":"https:\/\/racing-radios.com\/fr\/wp-json\/wp\/v2\/pages\/674\/revisions"}],"predecessor-version":[{"id":229797,"href":"https:\/\/racing-radios.com\/fr\/wp-json\/wp\/v2\/pages\/674\/revisions\/229797"}],"wp:attachment":[{"href":"https:\/\/racing-radios.com\/fr\/wp-json\/wp\/v2\/media?parent=674"}],"curies":[{"name":"wp","href":"https:\/\/api.w.org\/{rel}","templated":true}]}}