{"id":227589,"date":"2023-03-04T15:36:51","date_gmt":"2023-03-04T15:36:51","guid":{"rendered":"https:\/\/racing-radios.com\/?page_id=227589"},"modified":"2026-03-18T07:50:08","modified_gmt":"2026-03-18T07:50:08","slug":"rentals","status":"publish","type":"page","link":"https:\/\/racing-radios.com\/fr\/rentals\/","title":{"rendered":"Locations Racing Radios"},"content":{"rendered":"<div data-elementor-type=\"wp-page\" data-elementor-id=\"227589\" class=\"elementor elementor-227589\" data-elementor-post-type=\"page\">\n\t\t\t\t\t\t<section class=\"elementor-section elementor-top-section elementor-element elementor-element-77c9742a elementor-section-full_width elementor-section-height-default elementor-section-height-default\" data-id=\"77c9742a\" data-element_type=\"section\" data-e-type=\"section\" data-settings=\"{&quot;background_background&quot;:&quot;classic&quot;}\">\n\t\t\t\t\t\t<div class=\"elementor-container elementor-column-gap-default\">\n\t\t\t\t\t<div class=\"elementor-column elementor-col-100 elementor-top-column elementor-element elementor-element-20f0927b\" data-id=\"20f0927b\" data-element_type=\"column\" data-e-type=\"column\">\n\t\t\t<div class=\"elementor-widget-wrap elementor-element-populated\">\n\t\t\t\t\t\t<section class=\"elementor-section elementor-inner-section elementor-element elementor-element-2c86fb8c elementor-section-full_width elementor-section-height-default elementor-section-height-default\" data-id=\"2c86fb8c\" data-element_type=\"section\" data-e-type=\"section\">\n\t\t\t\t\t\t<div class=\"elementor-container elementor-column-gap-default\">\n\t\t\t\t\t<div class=\"elementor-column elementor-col-50 elementor-inner-column elementor-element elementor-element-16af0958\" data-id=\"16af0958\" data-element_type=\"column\" data-e-type=\"column\">\n\t\t\t<div class=\"elementor-widget-wrap elementor-element-populated\">\n\t\t\t\t\t\t<div class=\"elementor-element elementor-element-13d79bf0 elementor-widget elementor-widget-image\" data-id=\"13d79bf0\" data-element_type=\"widget\" data-e-type=\"widget\" data-widget_type=\"image.default\">\n\t\t\t\t<div class=\"elementor-widget-container\">\n\t\t\t\t\t\t\t\t\t\t\t\t\t\t\t<img fetchpriority=\"high\" decoding=\"async\" width=\"524\" height=\"365\" src=\"https:\/\/racing-radios.com\/wp-content\/uploads\/2023\/03\/Racing-Radios-Rentals-pic-1.png\" class=\"attachment-large size-large wp-image-227879\" alt=\"Motorola Walkie Talkie\" srcset=\"https:\/\/racing-radios.com\/wp-content\/uploads\/2023\/03\/Racing-Radios-Rentals-pic-1.png 524w, https:\/\/racing-radios.com\/wp-content\/uploads\/2023\/03\/Racing-Radios-Rentals-pic-1-300x209.png 300w, https:\/\/racing-radios.com\/wp-content\/uploads\/2023\/03\/Racing-Radios-Rentals-pic-1-480x334.png 480w\" sizes=\"(max-width: 524px) 100vw, 524px\" \/>\t\t\t\t\t\t\t\t\t\t\t\t\t\t\t<\/div>\n\t\t\t\t<\/div>\n\t\t\t\t<div class=\"elementor-element elementor-element-756ea310 elementor-widget elementor-widget-image\" data-id=\"756ea310\" data-element_type=\"widget\" data-e-type=\"widget\" data-widget_type=\"image.default\">\n\t\t\t\t<div class=\"elementor-widget-container\">\n\t\t\t\t\t\t\t\t\t\t\t\t\t\t\t<img decoding=\"async\" width=\"524\" height=\"349\" src=\"https:\/\/racing-radios.com\/wp-content\/uploads\/2023\/03\/Rental-Pics-3.jpg\" class=\"attachment-large size-large wp-image-227878\" alt=\"Racing Radio Rental\" srcset=\"https:\/\/racing-radios.com\/wp-content\/uploads\/2023\/03\/Rental-Pics-3.jpg 524w, https:\/\/racing-radios.com\/wp-content\/uploads\/2023\/03\/Rental-Pics-3-300x200.jpg 300w, https:\/\/racing-radios.com\/wp-content\/uploads\/2023\/03\/Rental-Pics-3-480x320.jpg 480w\" sizes=\"(max-width: 524px) 100vw, 524px\" \/>\t\t\t\t\t\t\t\t\t\t\t\t\t\t\t<\/div>\n\t\t\t\t<\/div>\n\t\t\t\t<div class=\"elementor-element elementor-element-237f5362 elementor-widget elementor-widget-image\" data-id=\"237f5362\" data-element_type=\"widget\" data-e-type=\"widget\" data-widget_type=\"image.default\">\n\t\t\t\t<div class=\"elementor-widget-container\">\n\t\t\t\t\t\t\t\t\t\t\t\t\t\t\t<img decoding=\"async\" width=\"524\" height=\"364\" src=\"https:\/\/racing-radios.com\/wp-content\/uploads\/2023\/03\/Rental-pics-5.jpg\" class=\"attachment-large size-large wp-image-227877\" alt=\"Operator\" srcset=\"https:\/\/racing-radios.com\/wp-content\/uploads\/2023\/03\/Rental-pics-5.jpg 524w, https:\/\/racing-radios.com\/wp-content\/uploads\/2023\/03\/Rental-pics-5-300x208.jpg 300w, https:\/\/racing-radios.com\/wp-content\/uploads\/2023\/03\/Rental-pics-5-480x333.jpg 480w\" sizes=\"(max-width: 524px) 100vw, 524px\" \/>\t\t\t\t\t\t\t\t\t\t\t\t\t\t\t<\/div>\n\t\t\t\t<\/div>\n\t\t\t\t<div class=\"elementor-element elementor-element-5efb331 elementor-widget elementor-widget-image\" data-id=\"5efb331\" data-element_type=\"widget\" data-e-type=\"widget\" data-widget_type=\"image.default\">\n\t\t\t\t<div class=\"elementor-widget-container\">\n\t\t\t\t\t\t\t\t\t\t\t\t\t\t\t<img loading=\"lazy\" decoding=\"async\" width=\"524\" height=\"352\" src=\"https:\/\/racing-radios.com\/wp-content\/uploads\/2023\/03\/Rental-Pics-6.jpg\" class=\"attachment-large size-large wp-image-227876\" alt=\"RR Fans\" srcset=\"https:\/\/racing-radios.com\/wp-content\/uploads\/2023\/03\/Rental-Pics-6.jpg 524w, https:\/\/racing-radios.com\/wp-content\/uploads\/2023\/03\/Rental-Pics-6-300x202.jpg 300w, https:\/\/racing-radios.com\/wp-content\/uploads\/2023\/03\/Rental-Pics-6-480x322.jpg 480w\" sizes=\"(max-width: 524px) 100vw, 524px\" \/>\t\t\t\t\t\t\t\t\t\t\t\t\t\t\t<\/div>\n\t\t\t\t<\/div>\n\t\t\t\t\t<\/div>\n\t\t<\/div>\n\t\t\t\t<div class=\"elementor-column elementor-col-50 elementor-inner-column elementor-element elementor-element-7b6540b2\" data-id=\"7b6540b2\" data-element_type=\"column\" data-e-type=\"column\">\n\t\t\t<div class=\"elementor-widget-wrap elementor-element-populated\">\n\t\t\t\t\t\t<div class=\"elementor-element elementor-element-1eca9e35 elementor-widget elementor-widget-heading\" data-id=\"1eca9e35\" data-element_type=\"widget\" data-e-type=\"widget\" data-widget_type=\"heading.default\">\n\t\t\t\t<div class=\"elementor-widget-container\">\n\t\t\t\t\t<h1 class=\"elementor-heading-title elementor-size-default\">Locations Racing Radios<\/h1>\t\t\t\t<\/div>\n\t\t\t\t<\/div>\n\t\t\t\t<div class=\"elementor-element elementor-element-2f65551 elementor-widget elementor-widget-text-editor\" data-id=\"2f65551\" data-element_type=\"widget\" data-e-type=\"widget\" data-widget_type=\"text-editor.default\">\n\t\t\t\t<div class=\"elementor-widget-container\">\n\t\t\t\t\t\t\t\t\tPour les \u00e9quipes de course, circuits de course et organisateurs d'\u00e9v\u00e9nements majeurs au Canada.\t\t\t\t\t\t\t\t<\/div>\n\t\t\t\t<\/div>\n\t\t\t\t<div class=\"elementor-element elementor-element-10723f83 elementor-widget elementor-widget-text-editor\" data-id=\"10723f83\" data-element_type=\"widget\" data-e-type=\"widget\" data-widget_type=\"text-editor.default\">\n\t\t\t\t<div class=\"elementor-widget-container\">\n\t\t\t\t\t\t\t\t\tLa location de radios DIGITALES Motorola de Racing Radios pour votre personnel de terrain : un niveau de service sup\u00e9rieur et d'infrastructures de qualit\u00e9. Notre pr\u00e9sence aux \u00e9v\u00e8nements et notre service exceptionnel font notre r\u00e9putation depuis 1995.\t\t\t\t\t\t\t\t<\/div>\n\t\t\t\t<\/div>\n\t\t\t\t<div class=\"elementor-element elementor-element-eded0c2 elementor-widget elementor-widget-text-editor\" data-id=\"eded0c2\" data-element_type=\"widget\" data-e-type=\"widget\" data-widget_type=\"text-editor.default\">\n\t\t\t\t<div class=\"elementor-widget-container\">\n\t\t\t\t\t\t\t\t\t<div class=\"et_pb_module et_pb_text et_pb_text_3 et_pb_text_align_left et_pb_bg_layout_light\"><div class=\"et_pb_text_inner\"><div class=\"et_pb_module et_pb_text et_pb_text_3  et_pb_text_align_left et_pb_bg_layout_light\"><div class=\"et_pb_text_inner\"><p>Les besoins de communication en sport automobile sont particuliers! C'est pourquoi notre \u00e9quipe personnalisera une solution de location de radio bidirectionnelle pour r\u00e9pondre aux sp\u00e9cificit\u00e9s de votre projet.<\/p><\/div><\/div><div class=\"et_pb_module et_pb_text et_pb_text_4  et_pb_text_align_left et_pb_bg_layout_light\"><div class=\"et_pb_text_inner\"><p>Avec pr\u00e8s de trois d\u00e9cennies d'exp\u00e9rience dans le domaine du sport motoris\u00e9 au Canada et en collaboration avec des fabricants renomm\u00e9s tels que Motorola et Racing Radios USA, nous mettons \u00e0 votre disposition notre expertise, adapt\u00e9e \u00e0 vos besoins, quelle que soit l'ampleur de votre projet. Que vous ayez besoin de quelques radios portatives pour une \u00e9quipe de course ou de plusieurs centaines de radios num\u00e9riques pour un \u00e9v\u00e9nement d'envergure, nous nous chargeons de toutes les \u00e9tapes, de l'obtention des licences radio \u00e0 la programmation, en passant par la livraison et le d\u00e9ploiement sur site. Notre objectif est de vous permettre de communiquer et de travailler de mani\u00e8re efficace et s\u00e9curis\u00e9e.<\/p><\/div><\/div><\/div><\/div>\t\t\t\t\t\t\t\t<\/div>\n\t\t\t\t<\/div>\n\t\t\t\t<div class=\"elementor-element elementor-element-4b5070c6 elementor-widget elementor-widget-text-editor\" data-id=\"4b5070c6\" data-element_type=\"widget\" data-e-type=\"widget\" data-widget_type=\"text-editor.default\">\n\t\t\t\t<div class=\"elementor-widget-container\">\n\t\t\t\t\t\t\t\t\tNotre flotte de location de radios num\u00e9riques comprend :\t\t\t\t\t\t\t\t<\/div>\n\t\t\t\t<\/div>\n\t\t\t\t<div class=\"elementor-element elementor-element-3fdfebbb yellow-lists elementor-align-start elementor-icon-list--layout-traditional elementor-list-item-link-full_width elementor-widget elementor-widget-icon-list\" data-id=\"3fdfebbb\" data-element_type=\"widget\" data-e-type=\"widget\" data-widget_type=\"icon-list.default\">\n\t\t\t\t<div class=\"elementor-widget-container\">\n\t\t\t\t\t\t\t<ul class=\"elementor-icon-list-items\">\n\t\t\t\t\t\t\t<li class=\"elementor-icon-list-item\">\n\t\t\t\t\t\t\t\t\t\t\t<a href=\"https:\/\/racing-radios.com\/fr\/produit\/two-way-radio-portable-motorola-cp200-digital\/\">\n\n\t\t\t\t\t\t\t\t\t\t\t<span class=\"elementor-icon-list-text\">Radios portatives Motorola s\u00e9rie XPR<\/span>\n\t\t\t\t\t\t\t\t\t\t\t<\/a>\n\t\t\t\t\t\t\t\t\t<\/li>\n\t\t\t\t\t\t\t\t<li class=\"elementor-icon-list-item translation-block\">Radios Mobiles Motorola s\u00e9rie XPR<\/li>\n\t\t\t\t\t\t\t\t<li class=\"elementor-icon-list-item\">\n\t\t\t\t\t\t\t\t\t\t\t<a href=\"https:\/\/racing-radios.com\/fr\/produit\/racing-radios-pitlane-digital-repeater-system\/\">\n\n\t\t\t\t\t\t\t\t\t\t\t<span class=\"elementor-icon-list-text\">R\u00e9p\u00e9teurs Motorola SLR7500 (capacit\u00e9 plus)<\/span>\n\t\t\t\t\t\t\t\t\t\t\t<\/a>\n\t\t\t\t\t\t\t\t\t<\/li>\n\t\t\t\t\t\t\t\t<li class=\"elementor-icon-list-item translation-block\">Micro-Haut parleurs Motorola \/ Kits de surveillance \/ chestpack ( sac ventraux )<\/li>\n\t\t\t\t\t\t\t\t<li class=\"elementor-icon-list-item\">\n\t\t\t\t\t\t\t\t\t\t\t<a href=\"https:\/\/racing-radios.com\/fr\/produit\/racing-radios-bth-headset-black\/\">\n\n\t\t\t\t\t\t\t\t\t\t\t<span class=\"elementor-icon-list-text\">Headset BTH  Racing Radios<\/span>\n\t\t\t\t\t\t\t\t\t\t\t<\/a>\n\t\t\t\t\t\t\t\t\t<\/li>\n\t\t\t\t\t\t<\/ul>\n\t\t\t\t\t\t<\/div>\n\t\t\t\t<\/div>\n\t\t\t\t<div class=\"elementor-element elementor-element-6e153776 elementor-widget elementor-widget-text-editor\" data-id=\"6e153776\" data-element_type=\"widget\" data-e-type=\"widget\" data-widget_type=\"text-editor.default\">\n\t\t\t\t<div class=\"elementor-widget-container\">\n\t\t\t\t\t\t\t\t\t<p><a href=\"https:\/\/racing-radios.com\/fr\/contact\/\" target=\"_blank\" rel=\"noopener\">Contactez nous<\/a> pour s\u00e9curiser vos locations de Racing Radios.<\/p>\t\t\t\t\t\t\t\t<\/div>\n\t\t\t\t<\/div>\n\t\t\t\t<div class=\"elementor-element elementor-element-63b4d080 elementor-widget-divider--view-line elementor-widget elementor-widget-divider\" data-id=\"63b4d080\" data-element_type=\"widget\" data-e-type=\"widget\" data-widget_type=\"divider.default\">\n\t\t\t\t<div class=\"elementor-widget-container\">\n\t\t\t\t\t\t\t<div class=\"elementor-divider\">\n\t\t\t<span class=\"elementor-divider-separator\">\n\t\t\t\t\t\t<\/span>\n\t\t<\/div>\n\t\t\t\t\t\t<\/div>\n\t\t\t\t<\/div>\n\t\t\t\t<div class=\"elementor-element elementor-element-150ca530 elementor-align-end elementor-mobile-align-center elementor-icon-list--layout-traditional elementor-list-item-link-full_width elementor-widget elementor-widget-icon-list\" data-id=\"150ca530\" data-element_type=\"widget\" data-e-type=\"widget\" data-widget_type=\"icon-list.default\">\n\t\t\t\t<div class=\"elementor-widget-container\">\n\t\t\t\t\t\t\t<ul class=\"elementor-icon-list-items\">\n\t\t\t\t\t\t\t<li class=\"elementor-icon-list-item\">\n\t\t\t\t\t\t\t\t\t\t<span class=\"elementor-icon-list-text\">sans frais: <a href=\"tel:1-888-946-5379\" style=\"color:#FFF\">1-888-946-5379<\/a><\/span>\n\t\t\t\t\t\t\t\t\t<\/li>\n\t\t\t\t\t\t<\/ul>\n\t\t\t\t\t\t<\/div>\n\t\t\t\t<\/div>\n\t\t\t\t\t<\/div>\n\t\t<\/div>\n\t\t\t\t\t<\/div>\n\t\t<\/section>\n\t\t\t\t\t<\/div>\n\t\t<\/div>\n\t\t\t\t\t<\/div>\n\t\t<\/section>\n\t\t\t\t<\/div>","protected":false},"excerpt":{"rendered":"<p>Rentals For race teams, Race tracks are Major Events organizersRacing Radio\u2019s two way radio rentals is the ideal solution for keeping your team connected in the Motorsport Industry Since Trackside and Major Events onsite support made our reputation since 1995, we understand that the communication needs are different from one event to the next. That\u2019s [&hellip;]<\/p>\n","protected":false},"author":12,"featured_media":227879,"parent":0,"menu_order":0,"comment_status":"closed","ping_status":"closed","template":"elementor_header_footer","meta":{"footnotes":""},"class_list":["post-227589","page","type-page","status-publish","has-post-thumbnail","hentry"],"aioseo_notices":[],"_links":{"self":[{"href":"https:\/\/racing-radios.com\/fr\/wp-json\/wp\/v2\/pages\/227589","targetHints":{"allow":["GET"]}}],"collection":[{"href":"https:\/\/racing-radios.com\/fr\/wp-json\/wp\/v2\/pages"}],"about":[{"href":"https:\/\/racing-radios.com\/fr\/wp-json\/wp\/v2\/types\/page"}],"author":[{"embeddable":true,"href":"https:\/\/racing-radios.com\/fr\/wp-json\/wp\/v2\/users\/12"}],"replies":[{"embeddable":true,"href":"https:\/\/racing-radios.com\/fr\/wp-json\/wp\/v2\/comments?post=227589"}],"version-history":[{"count":50,"href":"https:\/\/racing-radios.com\/fr\/wp-json\/wp\/v2\/pages\/227589\/revisions"}],"predecessor-version":[{"id":230526,"href":"https:\/\/racing-radios.com\/fr\/wp-json\/wp\/v2\/pages\/227589\/revisions\/230526"}],"wp:featuredmedia":[{"embeddable":true,"href":"https:\/\/racing-radios.com\/fr\/wp-json\/wp\/v2\/media\/227879"}],"wp:attachment":[{"href":"https:\/\/racing-radios.com\/fr\/wp-json\/wp\/v2\/media?parent=227589"}],"curies":[{"name":"wp","href":"https:\/\/api.w.org\/{rel}","templated":true}]}}