{"id":227475,"date":"2023-02-26T16:19:26","date_gmt":"2023-02-26T16:19:26","guid":{"rendered":"https:\/\/racing-radios.com\/?page_id=227475"},"modified":"2026-04-01T13:39:59","modified_gmt":"2026-04-01T13:39:59","slug":"service-trailer-schedule-for-2025","status":"publish","type":"page","link":"https:\/\/racing-radios.com\/fr\/service-trailer-schedule-for-2025\/","title":{"rendered":"Service Trailer 2025 Schedule"},"content":{"rendered":"<div data-elementor-type=\"wp-page\" data-elementor-id=\"227475\" class=\"elementor elementor-227475\" data-elementor-post-type=\"page\">\n\t\t\t\t\t\t<section class=\"elementor-section elementor-top-section elementor-element elementor-element-25b9c76 elementor-section-boxed elementor-section-height-default elementor-section-height-default\" data-id=\"25b9c76\" data-element_type=\"section\" data-e-type=\"section\">\n\t\t\t\t\t\t<div class=\"elementor-container elementor-column-gap-default\">\n\t\t\t\t\t<div class=\"elementor-column elementor-col-33 elementor-top-column elementor-element elementor-element-27d1e94\" data-id=\"27d1e94\" data-element_type=\"column\" data-e-type=\"column\">\n\t\t\t<div class=\"elementor-widget-wrap elementor-element-populated\">\n\t\t\t\t\t\t<div class=\"elementor-element elementor-element-19aca3b elementor-widget elementor-widget-image\" data-id=\"19aca3b\" data-element_type=\"widget\" data-e-type=\"widget\" data-widget_type=\"image.default\">\n\t\t\t\t<div class=\"elementor-widget-container\">\n\t\t\t\t\t\t\t\t\t\t\t\t\t\t\t<img decoding=\"async\" width=\"200\" height=\"150\" src=\"https:\/\/racing-radios.com\/wp-content\/uploads\/2021\/01\/Sales-Racing-Radios-Trailer-200-px.jpg\" class=\"attachment-large size-large wp-image-225870\" alt=\"Trailer 200\" \/>\t\t\t\t\t\t\t\t\t\t\t\t\t\t\t<\/div>\n\t\t\t\t<\/div>\n\t\t\t\t<div class=\"elementor-element elementor-element-dda15a7 elementor-widget elementor-widget-image\" data-id=\"dda15a7\" data-element_type=\"widget\" data-e-type=\"widget\" data-widget_type=\"image.default\">\n\t\t\t\t<div class=\"elementor-widget-container\">\n\t\t\t\t\t\t\t\t\t\t\t\t\t\t\t<img decoding=\"async\" width=\"200\" height=\"154\" src=\"https:\/\/racing-radios.com\/wp-content\/uploads\/2021\/01\/Programming-Racing-Radios-Trailer-200-px.jpg\" class=\"attachment-large size-large wp-image-225868\" alt=\"Programming Racing Radios Trailer 200\" \/>\t\t\t\t\t\t\t\t\t\t\t\t\t\t\t<\/div>\n\t\t\t\t<\/div>\n\t\t\t\t<div class=\"elementor-element elementor-element-0981fb2 elementor-widget elementor-widget-image\" data-id=\"0981fb2\" data-element_type=\"widget\" data-e-type=\"widget\" data-widget_type=\"image.default\">\n\t\t\t\t<div class=\"elementor-widget-container\">\n\t\t\t\t\t\t\t\t\t\t\t\t\t\t\t<img decoding=\"async\" width=\"200\" height=\"155\" src=\"https:\/\/racing-radios.com\/wp-content\/uploads\/2021\/01\/Custom-Molded-earpeices-service.jpg\" class=\"attachment-large size-large wp-image-225910\" alt=\"Custom Molded earpeices service\" \/>\t\t\t\t\t\t\t\t\t\t\t\t\t\t\t<\/div>\n\t\t\t\t<\/div>\n\t\t\t\t\t<\/div>\n\t\t<\/div>\n\t\t\t\t<div class=\"elementor-column elementor-col-33 elementor-top-column elementor-element elementor-element-43ab5d2\" data-id=\"43ab5d2\" data-element_type=\"column\" data-e-type=\"column\">\n\t\t\t<div class=\"elementor-widget-wrap elementor-element-populated\">\n\t\t\t\t\t\t<div class=\"elementor-element elementor-element-ca3a559 elementor-widget elementor-widget-heading\" data-id=\"ca3a559\" data-element_type=\"widget\" data-e-type=\"widget\" data-widget_type=\"heading.default\">\n\t\t\t\t<div class=\"elementor-widget-container\">\n\t\t\t\t\t<h2 class=\"elementor-heading-title elementor-size-default\">SERVICE TRAILER 2026 SCHEDULE<\/h2>\t\t\t\t<\/div>\n\t\t\t\t<\/div>\n\t\t\t\t<div class=\"elementor-element elementor-element-7fc11f9 elementor-widget elementor-widget-text-editor\" data-id=\"7fc11f9\" data-element_type=\"widget\" data-e-type=\"widget\" data-widget_type=\"text-editor.default\">\n\t\t\t\t<div class=\"elementor-widget-container\">\n\t\t\t\t\t\t\t\t\t<h4 style=\"text-align: center;\"><span style=\"text-align: center; text-decoration: underline;\"><strong>SOUTIEN L\u00c0 OU VOUS EN AVEZ LE PLUS BESOIN<\/strong><\/span><\/h4><p><strong>Venez nous renconter a notre unit\u00e9 de service Racing Radios pr\u00e9sente aux \u00e9v\u00e9nements de course automobile majeur dans l'est du Canada.\nou nous offrons un support aux \u00e9quipes \/ officiels et spectateurs.<\/strong><\/p><p><strong>* VENTES<\/strong><br \/><strong>* LOCATIONS<\/strong><br \/><strong>* REPROGRAMMATION RADIO<\/strong><br \/><strong>* D\u00c9PANNAGE DU SYST\u00c8ME RADIO<br \/>* R\u00c9PARATIONS SUR PLACE<\/strong><\/p>\t\t\t\t\t\t\t\t<\/div>\n\t\t\t\t<\/div>\n\t\t\t\t\t<\/div>\n\t\t<\/div>\n\t\t\t\t<div class=\"elementor-column elementor-col-33 elementor-top-column elementor-element elementor-element-23c2c92\" data-id=\"23c2c92\" data-element_type=\"column\" data-e-type=\"column\">\n\t\t\t<div class=\"elementor-widget-wrap elementor-element-populated\">\n\t\t\t\t\t\t<div class=\"elementor-element elementor-element-46270a2 elementor-widget elementor-widget-image\" data-id=\"46270a2\" data-element_type=\"widget\" data-e-type=\"widget\" data-widget_type=\"image.default\">\n\t\t\t\t<div class=\"elementor-widget-container\">\n\t\t\t\t\t\t\t\t\t\t\t\t\t\t\t<img loading=\"lazy\" decoding=\"async\" width=\"500\" height=\"672\" src=\"https:\/\/racing-radios.com\/wp-content\/uploads\/2021\/01\/service-trailer-2021-jpg.jpg\" class=\"attachment-full size-full wp-image-225853\" alt=\"service trailer\" srcset=\"https:\/\/racing-radios.com\/wp-content\/uploads\/2021\/01\/service-trailer-2021-jpg.jpg 500w, https:\/\/racing-radios.com\/wp-content\/uploads\/2021\/01\/service-trailer-2021-jpg-223x300.jpg 223w, https:\/\/racing-radios.com\/wp-content\/uploads\/2021\/01\/service-trailer-2021-jpg-480x645.jpg 480w\" sizes=\"(max-width: 500px) 100vw, 500px\" \/>\t\t\t\t\t\t\t\t\t\t\t\t\t\t\t<\/div>\n\t\t\t\t<\/div>\n\t\t\t\t\t<\/div>\n\t\t<\/div>\n\t\t\t\t\t<\/div>\n\t\t<\/section>\n\t\t\t\t<section class=\"elementor-section elementor-top-section elementor-element elementor-element-b913547 elementor-section-boxed elementor-section-height-default elementor-section-height-default\" data-id=\"b913547\" data-element_type=\"section\" data-e-type=\"section\">\n\t\t\t\t\t\t<div class=\"elementor-container elementor-column-gap-default\">\n\t\t\t\t\t<div class=\"elementor-column elementor-col-100 elementor-top-column elementor-element elementor-element-5e943e0\" data-id=\"5e943e0\" data-element_type=\"column\" data-e-type=\"column\">\n\t\t\t<div class=\"elementor-widget-wrap elementor-element-populated\">\n\t\t\t\t\t\t<div class=\"elementor-element elementor-element-92144e4 elementor-widget elementor-widget-heading\" data-id=\"92144e4\" data-element_type=\"widget\" data-e-type=\"widget\" data-widget_type=\"heading.default\">\n\t\t\t\t<div class=\"elementor-widget-container\">\n\t\t\t\t\t<h2 class=\"elementor-heading-title elementor-size-default\">BIENTOT DISPONIBLE<\/h2>\t\t\t\t<\/div>\n\t\t\t\t<\/div>\n\t\t\t\t\t<\/div>\n\t\t<\/div>\n\t\t\t\t\t<\/div>\n\t\t<\/section>\n\t\t\t\t<\/div>","protected":false},"excerpt":{"rendered":"<p>SERVICE TRAILER 2026 SCHEDULE SUPPORT WHERE YOU NEED IT MOST Meet us at most Major Racing events\u00a0 in eastern Canada where we proudly support\u00a0our customers and products providing the following trackside services: * SALES* RENTALS* RADIO REPROGRAMMING* RADIO SYSTEM TROUBLESHOOTING* ONSITE REPAIRS Coming Soon&#8230;<\/p>","protected":false},"author":12,"featured_media":671,"parent":0,"menu_order":0,"comment_status":"closed","ping_status":"closed","template":"elementor_header_footer","meta":{"footnotes":""},"class_list":["post-227475","page","type-page","status-publish","has-post-thumbnail","hentry"],"aioseo_notices":[],"_links":{"self":[{"href":"https:\/\/racing-radios.com\/fr\/wp-json\/wp\/v2\/pages\/227475","targetHints":{"allow":["GET"]}}],"collection":[{"href":"https:\/\/racing-radios.com\/fr\/wp-json\/wp\/v2\/pages"}],"about":[{"href":"https:\/\/racing-radios.com\/fr\/wp-json\/wp\/v2\/types\/page"}],"author":[{"embeddable":true,"href":"https:\/\/racing-radios.com\/fr\/wp-json\/wp\/v2\/users\/12"}],"replies":[{"embeddable":true,"href":"https:\/\/racing-radios.com\/fr\/wp-json\/wp\/v2\/comments?post=227475"}],"version-history":[{"count":137,"href":"https:\/\/racing-radios.com\/fr\/wp-json\/wp\/v2\/pages\/227475\/revisions"}],"predecessor-version":[{"id":231200,"href":"https:\/\/racing-radios.com\/fr\/wp-json\/wp\/v2\/pages\/227475\/revisions\/231200"}],"wp:featuredmedia":[{"embeddable":true,"href":"https:\/\/racing-radios.com\/fr\/wp-json\/"}],"wp:attachment":[{"href":"https:\/\/racing-radios.com\/fr\/wp-json\/wp\/v2\/media?parent=227475"}],"curies":[{"name":"wp","href":"https:\/\/api.w.org\/{rel}","templated":true}]}}