{"id":227311,"date":"2022-03-07T14:47:34","date_gmt":"2022-03-07T14:47:34","guid":{"rendered":"https:\/\/racing-radios.com\/?page_id=227311"},"modified":"2026-04-04T13:59:27","modified_gmt":"2026-04-04T13:59:27","slug":"complete-radio-systems","status":"publish","type":"page","link":"https:\/\/racing-radios.com\/fr\/complete-radio-systems\/","title":{"rendered":"SYST\u00c8MES RADIO COMPLETS"},"content":{"rendered":"<div data-elementor-type=\"wp-page\" data-elementor-id=\"227311\" class=\"elementor elementor-227311\" data-elementor-post-type=\"page\">\n\t\t\t\t\t\t<section class=\"elementor-section elementor-top-section elementor-element elementor-element-4823037e elementor-section-full_width elementor-section-height-default elementor-section-height-default\" data-id=\"4823037e\" data-element_type=\"section\" data-e-type=\"section\">\n\t\t\t\t\t\t<div class=\"elementor-container elementor-column-gap-default\">\n\t\t\t\t\t<div class=\"elementor-column elementor-col-33 elementor-top-column elementor-element elementor-element-5d30ddcc\" data-id=\"5d30ddcc\" data-element_type=\"column\" data-e-type=\"column\">\n\t\t\t<div class=\"elementor-widget-wrap elementor-element-populated\">\n\t\t\t\t\t\t<div class=\"elementor-element elementor-element-cf57c92 elementor-widget elementor-widget-image\" data-id=\"cf57c92\" data-element_type=\"widget\" data-e-type=\"widget\" data-widget_type=\"image.default\">\n\t\t\t\t<div class=\"elementor-widget-container\">\n\t\t\t\t\t\t\t\t\t\t\t\t\t\t\t<img fetchpriority=\"high\" decoding=\"async\" width=\"300\" height=\"850\" src=\"https:\/\/racing-radios.com\/wp-content\/uploads\/2020\/12\/racing-radios-complete-radio-systems.jpg\" class=\"attachment-large size-large wp-image-225719\" alt=\"Racer\" srcset=\"https:\/\/racing-radios.com\/wp-content\/uploads\/2020\/12\/racing-radios-complete-radio-systems.jpg 300w, https:\/\/racing-radios.com\/wp-content\/uploads\/2020\/12\/racing-radios-complete-radio-systems-106x300.jpg 106w\" sizes=\"(max-width: 300px) 100vw, 300px\" \/>\t\t\t\t\t\t\t\t\t\t\t\t\t\t\t<\/div>\n\t\t\t\t<\/div>\n\t\t\t\t\t<\/div>\n\t\t<\/div>\n\t\t\t\t<div class=\"elementor-column elementor-col-66 elementor-top-column elementor-element elementor-element-7d329610\" data-id=\"7d329610\" data-element_type=\"column\" data-e-type=\"column\">\n\t\t\t<div class=\"elementor-widget-wrap elementor-element-populated\">\n\t\t\t\t\t\t<div class=\"elementor-element elementor-element-435915cd heading-bottom-border elementor-widget elementor-widget-heading\" data-id=\"435915cd\" data-element_type=\"widget\" data-e-type=\"widget\" data-widget_type=\"heading.default\">\n\t\t\t\t<div class=\"elementor-widget-container\">\n\t\t\t\t\t<h1 class=\"elementor-heading-title elementor-size-default\">Syst\u00e8mes radios complets<\/h1>\t\t\t\t<\/div>\n\t\t\t\t<\/div>\n\t\t\t\t<div class=\"elementor-element elementor-element-21f8c910 elementor-widget elementor-widget-text-editor\" data-id=\"21f8c910\" data-element_type=\"widget\" data-e-type=\"widget\" data-widget_type=\"text-editor.default\">\n\t\t\t\t<div class=\"elementor-widget-container\">\n\t\t\t\t\t\t\t\t\t<p><strong>Quel est le syst\u00e8me Racing Radios le plus appropri\u00e9 pour notre \u00e9quipe ?<\/strong><\/p><p>Tout d\u00e9pend du style de course de votre \u00e9quipe. La plupart des s\u00e9ries de courses sur pistes ovales et pistes de dragster, ne n\u00e9cessitent que des radios portables pour faire le travail.<\/p><p>Voir <a href=\"https:\/\/racing-radios.com\/fr\/produit\/complete-driver-crew-cheif-spotter-sportsman-radio-system\/\">Syst\u00e8me radio \u00e0 piste ovales<\/a> Racing Radios<\/p><p>Les \u00e9quipes de course sur route utilisent g\u00e9n\u00e9ralement des radios mobiles dans la voiture et des radios portables dans les stands.<\/p><p>Voir <a href=\"https:\/\/racing-radios.com\/fr\/produit\/endurance-series-motorola-r2-cm200d-digital-radio-system\/\">Syst\u00e8me radio Racing Radios Endurance<\/a><\/p><p>Les voitures de formule utilisent des radios portables et s'appuient sur une antenne tr\u00e8s efficace pour couvrir toute la piste.<\/p><p>Voir <a href=\"https:\/\/racing-radios.com\/fr\/produit\/racing-radios-motorola-r2-open-wheel-cars-digital-radio-system\/\">Syst\u00e8me radio pour voitures \u00e0 roues ouvertes Racing Radios<\/a><\/p>\t\t\t\t\t\t\t\t<\/div>\n\t\t\t\t<\/div>\n\t\t\t\t<div class=\"elementor-element elementor-element-7becf36e elementor-widget elementor-widget-heading\" data-id=\"7becf36e\" data-element_type=\"widget\" data-e-type=\"widget\" data-widget_type=\"heading.default\">\n\t\t\t\t<div class=\"elementor-widget-container\">\n\t\t\t\t\t<h6 class=\"elementor-heading-title elementor-size-default\"><a href=\"https:\/\/racing-radios.com\/fr\/produit\/complete-driver-crew-cheif-spotter-sportsman-radio-system\/\">Syst\u00e8me radio complet PILOTE \/ CREW CHEIF \/ SPOTTER_ MOTOROLA BPR40<\/a><\/h6>\t\t\t\t<\/div>\n\t\t\t\t<\/div>\n\t\t\t\t<div class=\"elementor-element elementor-element-7bd0ffba elementor-widget elementor-widget-image\" data-id=\"7bd0ffba\" data-element_type=\"widget\" data-e-type=\"widget\" data-widget_type=\"image.default\">\n\t\t\t\t<div class=\"elementor-widget-container\">\n\t\t\t\t\t\t\t\t\t\t\t\t\t\t\t\t<a href=\"https:\/\/racing-radios.com\/fr\/produit\/complete-driver-crew-cheif-spotter-sportsman-radio-system\/\">\n\t\t\t\t\t\t\t<img decoding=\"async\" width=\"800\" height=\"206\" src=\"https:\/\/racing-radios.com\/wp-content\/uploads\/2021\/02\/3-man-Motorola-BPR40-oval-track-radio-system-1024x264.jpg\" class=\"attachment-large size-large wp-image-226237\" alt=\"3 man Motorola BPR40\" srcset=\"https:\/\/racing-radios.com\/wp-content\/uploads\/2021\/02\/3-man-Motorola-BPR40-oval-track-radio-system-1024x264.jpg 1024w, https:\/\/racing-radios.com\/wp-content\/uploads\/2021\/02\/3-man-Motorola-BPR40-oval-track-radio-system-scaled-800x207.jpg 800w, https:\/\/racing-radios.com\/wp-content\/uploads\/2021\/02\/3-man-Motorola-BPR40-oval-track-radio-system-300x77.jpg 300w, https:\/\/racing-radios.com\/wp-content\/uploads\/2021\/02\/3-man-Motorola-BPR40-oval-track-radio-system-768x198.jpg 768w, https:\/\/racing-radios.com\/wp-content\/uploads\/2021\/02\/3-man-Motorola-BPR40-oval-track-radio-system-1536x396.jpg 1536w, https:\/\/racing-radios.com\/wp-content\/uploads\/2021\/02\/3-man-Motorola-BPR40-oval-track-radio-system-2048x529.jpg 2048w, https:\/\/racing-radios.com\/wp-content\/uploads\/2021\/02\/3-man-Motorola-BPR40-oval-track-radio-system-1080x279.jpg 1080w, https:\/\/racing-radios.com\/wp-content\/uploads\/2021\/02\/3-man-Motorola-BPR40-oval-track-radio-system-1280x331.jpg 1280w, https:\/\/racing-radios.com\/wp-content\/uploads\/2021\/02\/3-man-Motorola-BPR40-oval-track-radio-system-980x253.jpg 980w, https:\/\/racing-radios.com\/wp-content\/uploads\/2021\/02\/3-man-Motorola-BPR40-oval-track-radio-system-480x124.jpg 480w\" sizes=\"(max-width: 800px) 100vw, 800px\" \/>\t\t\t\t\t\t\t\t<\/a>\n\t\t\t\t\t\t\t\t\t\t\t\t\t\t\t<\/div>\n\t\t\t\t<\/div>\n\t\t\t\t<div class=\"elementor-element elementor-element-732d40ae elementor-widget elementor-widget-heading\" data-id=\"732d40ae\" data-element_type=\"widget\" data-e-type=\"widget\" data-widget_type=\"heading.default\">\n\t\t\t\t<div class=\"elementor-widget-container\">\n\t\t\t\t\t<h4 class=\"elementor-heading-title elementor-size-default\"><a href=\"https:\/\/racing-radios.com\/fr\/produit\/racing-radios-motorola-r2-open-wheel-cars-digital-radio-system\/\">Syst\u00e8me radio pour voitures Monoplaces<\/a><\/h4>\t\t\t\t<\/div>\n\t\t\t\t<\/div>\n\t\t\t\t<div class=\"elementor-element elementor-element-6a1e703d elementor-widget elementor-widget-image\" data-id=\"6a1e703d\" data-element_type=\"widget\" data-e-type=\"widget\" data-widget_type=\"image.default\">\n\t\t\t\t<div class=\"elementor-widget-container\">\n\t\t\t\t\t\t\t\t\t\t\t\t\t\t\t\t<a href=\"https:\/\/racing-radios.com\/fr\/produit\/racing-radios-motorola-r2-open-wheel-cars-digital-radio-system\/\">\n\t\t\t\t\t\t\t<img decoding=\"async\" width=\"800\" height=\"206\" src=\"https:\/\/racing-radios.com\/wp-content\/uploads\/2021\/02\/Open-Wheels-Complete-Radio-System-1-1024x264.jpg\" class=\"attachment-large size-large wp-image-226247\" alt=\"Open Wheels Complete Radio System\" srcset=\"https:\/\/racing-radios.com\/wp-content\/uploads\/2021\/02\/Open-Wheels-Complete-Radio-System-1-1024x264.jpg 1024w, https:\/\/racing-radios.com\/wp-content\/uploads\/2021\/02\/Open-Wheels-Complete-Radio-System-1-scaled-800x207.jpg 800w, https:\/\/racing-radios.com\/wp-content\/uploads\/2021\/02\/Open-Wheels-Complete-Radio-System-1-300x77.jpg 300w, https:\/\/racing-radios.com\/wp-content\/uploads\/2021\/02\/Open-Wheels-Complete-Radio-System-1-768x198.jpg 768w, https:\/\/racing-radios.com\/wp-content\/uploads\/2021\/02\/Open-Wheels-Complete-Radio-System-1-1536x396.jpg 1536w, https:\/\/racing-radios.com\/wp-content\/uploads\/2021\/02\/Open-Wheels-Complete-Radio-System-1-2048x529.jpg 2048w, https:\/\/racing-radios.com\/wp-content\/uploads\/2021\/02\/Open-Wheels-Complete-Radio-System-1-1080x279.jpg 1080w, https:\/\/racing-radios.com\/wp-content\/uploads\/2021\/02\/Open-Wheels-Complete-Radio-System-1-1280x331.jpg 1280w, https:\/\/racing-radios.com\/wp-content\/uploads\/2021\/02\/Open-Wheels-Complete-Radio-System-1-980x253.jpg 980w, https:\/\/racing-radios.com\/wp-content\/uploads\/2021\/02\/Open-Wheels-Complete-Radio-System-1-480x124.jpg 480w\" sizes=\"(max-width: 800px) 100vw, 800px\" \/>\t\t\t\t\t\t\t\t<\/a>\n\t\t\t\t\t\t\t\t\t\t\t\t\t\t\t<\/div>\n\t\t\t\t<\/div>\n\t\t\t\t<div class=\"elementor-element elementor-element-3b91d47c elementor-widget elementor-widget-heading\" data-id=\"3b91d47c\" data-element_type=\"widget\" data-e-type=\"widget\" data-widget_type=\"heading.default\">\n\t\t\t\t<div class=\"elementor-widget-container\">\n\t\t\t\t\t<h4 class=\"elementor-heading-title elementor-size-default\"><a href=\"https:\/\/racing-radios.com\/fr\/produit\/endurance-series-motorola-r2-cm200d-digital-radio-system\/\">Syst\u00e8me Racing Radios Complet (Chef d'\u00e9quipe \/ Pilote)  \/ radios Motorola CP200D-CM200 \/ circuits routiers et endurance<\/a><\/h4>\t\t\t\t<\/div>\n\t\t\t\t<\/div>\n\t\t\t\t<div class=\"elementor-element elementor-element-2c3d00a elementor-widget elementor-widget-image\" data-id=\"2c3d00a\" data-element_type=\"widget\" data-e-type=\"widget\" data-widget_type=\"image.default\">\n\t\t\t\t<div class=\"elementor-widget-container\">\n\t\t\t\t\t\t\t\t\t\t\t\t\t\t\t\t<a href=\"https:\/\/racing-radios.com\/fr\/produit\/endurance-series-motorola-r2-cm200d-digital-radio-system\/\">\n\t\t\t\t\t\t\t<img loading=\"lazy\" decoding=\"async\" width=\"800\" height=\"206\" src=\"https:\/\/racing-radios.com\/wp-content\/uploads\/2021\/02\/Endurance-Racing-radio-system-1-1024x264.jpg\" class=\"attachment-large size-large wp-image-226241\" alt=\"Endurance Racing radio system\" srcset=\"https:\/\/racing-radios.com\/wp-content\/uploads\/2021\/02\/Endurance-Racing-radio-system-1-1024x264.jpg 1024w, https:\/\/racing-radios.com\/wp-content\/uploads\/2021\/02\/Endurance-Racing-radio-system-1-scaled-800x207.jpg 800w, https:\/\/racing-radios.com\/wp-content\/uploads\/2021\/02\/Endurance-Racing-radio-system-1-300x77.jpg 300w, https:\/\/racing-radios.com\/wp-content\/uploads\/2021\/02\/Endurance-Racing-radio-system-1-768x198.jpg 768w, https:\/\/racing-radios.com\/wp-content\/uploads\/2021\/02\/Endurance-Racing-radio-system-1-1536x396.jpg 1536w, https:\/\/racing-radios.com\/wp-content\/uploads\/2021\/02\/Endurance-Racing-radio-system-1-2048x529.jpg 2048w, https:\/\/racing-radios.com\/wp-content\/uploads\/2021\/02\/Endurance-Racing-radio-system-1-1080x279.jpg 1080w, https:\/\/racing-radios.com\/wp-content\/uploads\/2021\/02\/Endurance-Racing-radio-system-1-1280x331.jpg 1280w, https:\/\/racing-radios.com\/wp-content\/uploads\/2021\/02\/Endurance-Racing-radio-system-1-980x253.jpg 980w, https:\/\/racing-radios.com\/wp-content\/uploads\/2021\/02\/Endurance-Racing-radio-system-1-480x124.jpg 480w\" sizes=\"(max-width: 800px) 100vw, 800px\" \/>\t\t\t\t\t\t\t\t<\/a>\n\t\t\t\t\t\t\t\t\t\t\t\t\t\t\t<\/div>\n\t\t\t\t<\/div>\n\t\t\t\t<div class=\"elementor-element elementor-element-383b43f6 elementor-widget elementor-widget-heading\" data-id=\"383b43f6\" data-element_type=\"widget\" data-e-type=\"widget\" data-widget_type=\"heading.default\">\n\t\t\t\t<div class=\"elementor-widget-container\">\n\t\t\t\t\t<h4 class=\"elementor-heading-title elementor-size-default\"><a href=\"https:\/\/racing-radios.com\/fr\/produit\/racing-radios-int-complete-crew-cheif-driver-sportsman-motorola-bpr40-radio-system\/\">Syst\u00e8me Racing Radios Complet (Chef d'\u00e9quipe \/ Pilote)  radios Motorola BPR40 \/ circuits ovales<\/a><\/h4>\t\t\t\t<\/div>\n\t\t\t\t<\/div>\n\t\t\t\t<div class=\"elementor-element elementor-element-592e33fb elementor-widget elementor-widget-image\" data-id=\"592e33fb\" data-element_type=\"widget\" data-e-type=\"widget\" data-widget_type=\"image.default\">\n\t\t\t\t<div class=\"elementor-widget-container\">\n\t\t\t\t\t\t\t\t\t\t\t\t\t\t\t\t<a href=\"https:\/\/racing-radios.com\/fr\/produit\/racing-radios-int-complete-crew-cheif-driver-sportsman-motorola-bpr40-radio-system\/\">\n\t\t\t\t\t\t\t<img loading=\"lazy\" decoding=\"async\" width=\"800\" height=\"206\" src=\"https:\/\/racing-radios.com\/wp-content\/uploads\/2021\/02\/Drag-Racing-Radio-System-1024x264.jpg\" class=\"attachment-large size-large wp-image-226239\" alt=\"Drag Racing Radio System\" srcset=\"https:\/\/racing-radios.com\/wp-content\/uploads\/2021\/02\/Drag-Racing-Radio-System-1024x264.jpg 1024w, https:\/\/racing-radios.com\/wp-content\/uploads\/2021\/02\/Drag-Racing-Radio-System-scaled-800x207.jpg 800w, https:\/\/racing-radios.com\/wp-content\/uploads\/2021\/02\/Drag-Racing-Radio-System-300x77.jpg 300w, https:\/\/racing-radios.com\/wp-content\/uploads\/2021\/02\/Drag-Racing-Radio-System-768x198.jpg 768w, https:\/\/racing-radios.com\/wp-content\/uploads\/2021\/02\/Drag-Racing-Radio-System-1536x396.jpg 1536w, https:\/\/racing-radios.com\/wp-content\/uploads\/2021\/02\/Drag-Racing-Radio-System-2048x529.jpg 2048w, https:\/\/racing-radios.com\/wp-content\/uploads\/2021\/02\/Drag-Racing-Radio-System-1080x279.jpg 1080w, https:\/\/racing-radios.com\/wp-content\/uploads\/2021\/02\/Drag-Racing-Radio-System-1280x331.jpg 1280w, https:\/\/racing-radios.com\/wp-content\/uploads\/2021\/02\/Drag-Racing-Radio-System-980x253.jpg 980w, https:\/\/racing-radios.com\/wp-content\/uploads\/2021\/02\/Drag-Racing-Radio-System-480x124.jpg 480w\" sizes=\"(max-width: 800px) 100vw, 800px\" \/>\t\t\t\t\t\t\t\t<\/a>\n\t\t\t\t\t\t\t\t\t\t\t\t\t\t\t<\/div>\n\t\t\t\t<\/div>\n\t\t\t\t<div class=\"elementor-element elementor-element-1ef1b313 elementor-widget elementor-widget-heading\" data-id=\"1ef1b313\" data-element_type=\"widget\" data-e-type=\"widget\" data-widget_type=\"heading.default\">\n\t\t\t\t<div class=\"elementor-widget-container\">\n\t\t\t\t\t<h4 class=\"elementor-heading-title elementor-size-default\"><a href=\"https:\/\/racing-radios.com\/fr\/produit\/racing-radios-hydroplane-digital-radio-system\/\">Syst\u00e8me Racing Radios Complet (Chef d'\u00e9quipe \/ Pilote)  radios Motorola XPR6350 submersibles \/ pour r\u00e9gates<\/a><\/h4>\t\t\t\t<\/div>\n\t\t\t\t<\/div>\n\t\t\t\t<div class=\"elementor-element elementor-element-2d4cfb9a elementor-widget elementor-widget-image\" data-id=\"2d4cfb9a\" data-element_type=\"widget\" data-e-type=\"widget\" data-widget_type=\"image.default\">\n\t\t\t\t<div class=\"elementor-widget-container\">\n\t\t\t\t\t\t\t\t\t\t\t\t\t\t\t\t<a href=\"https:\/\/racing-radios.com\/fr\/produit\/racing-radios-hydroplane-digital-radio-system\/\">\n\t\t\t\t\t\t\t<img loading=\"lazy\" decoding=\"async\" width=\"800\" height=\"206\" src=\"https:\/\/racing-radios.com\/wp-content\/uploads\/2021\/02\/Hydroplane-Digital-Radio-System-1024x264.jpg\" class=\"attachment-large size-large wp-image-226243\" alt=\"Hydroplane Digital Radio System\" srcset=\"https:\/\/racing-radios.com\/wp-content\/uploads\/2021\/02\/Hydroplane-Digital-Radio-System-1024x264.jpg 1024w, https:\/\/racing-radios.com\/wp-content\/uploads\/2021\/02\/Hydroplane-Digital-Radio-System-scaled-800x207.jpg 800w, https:\/\/racing-radios.com\/wp-content\/uploads\/2021\/02\/Hydroplane-Digital-Radio-System-300x77.jpg 300w, https:\/\/racing-radios.com\/wp-content\/uploads\/2021\/02\/Hydroplane-Digital-Radio-System-768x198.jpg 768w, https:\/\/racing-radios.com\/wp-content\/uploads\/2021\/02\/Hydroplane-Digital-Radio-System-1536x396.jpg 1536w, https:\/\/racing-radios.com\/wp-content\/uploads\/2021\/02\/Hydroplane-Digital-Radio-System-2048x529.jpg 2048w, https:\/\/racing-radios.com\/wp-content\/uploads\/2021\/02\/Hydroplane-Digital-Radio-System-1080x279.jpg 1080w, https:\/\/racing-radios.com\/wp-content\/uploads\/2021\/02\/Hydroplane-Digital-Radio-System-1280x331.jpg 1280w, https:\/\/racing-radios.com\/wp-content\/uploads\/2021\/02\/Hydroplane-Digital-Radio-System-980x253.jpg 980w, https:\/\/racing-radios.com\/wp-content\/uploads\/2021\/02\/Hydroplane-Digital-Radio-System-480x124.jpg 480w\" sizes=\"(max-width: 800px) 100vw, 800px\" \/>\t\t\t\t\t\t\t\t<\/a>\n\t\t\t\t\t\t\t\t\t\t\t\t\t\t\t<\/div>\n\t\t\t\t<\/div>\n\t\t\t\t<div class=\"elementor-element elementor-element-6631f57c elementor-widget elementor-widget-heading\" data-id=\"6631f57c\" data-element_type=\"widget\" data-e-type=\"widget\" data-widget_type=\"heading.default\">\n\t\t\t\t<div class=\"elementor-widget-container\">\n\t\t\t\t\t<h4 class=\"elementor-heading-title elementor-size-default\"><a href=\"https:\/\/racing-radios.com\/fr\/produit\/one-way-coach-spotter-raceceiver-bpr40-radio-system\/\">Syst\u00e8me radio une voie INSTRUCTEUR ou SPOTTER Motorola BPR40 et RACECEIVER Fusion<\/a><\/h4>\t\t\t\t<\/div>\n\t\t\t\t<\/div>\n\t\t\t\t<div class=\"elementor-element elementor-element-244e4008 elementor-widget elementor-widget-image\" data-id=\"244e4008\" data-element_type=\"widget\" data-e-type=\"widget\" data-widget_type=\"image.default\">\n\t\t\t\t<div class=\"elementor-widget-container\">\n\t\t\t\t\t\t\t\t\t\t\t\t\t\t\t\t<a href=\"https:\/\/racing-radios.com\/fr\/produit\/one-way-coach-spotter-raceceiver-bpr40-radio-system\/\">\n\t\t\t\t\t\t\t<img loading=\"lazy\" decoding=\"async\" width=\"800\" height=\"259\" src=\"https:\/\/racing-radios.com\/wp-content\/uploads\/2021\/01\/Racing-Radios-One-way-Radio-System--1024x331.jpg\" class=\"attachment-large size-large wp-image-226013\" alt=\"Racing Radios One way Radio System\" srcset=\"https:\/\/racing-radios.com\/wp-content\/uploads\/2021\/01\/Racing-Radios-One-way-Radio-System--1024x331.jpg 1024w, https:\/\/racing-radios.com\/wp-content\/uploads\/2021\/01\/Racing-Radios-One-way-Radio-System--800x259.jpg 800w, https:\/\/racing-radios.com\/wp-content\/uploads\/2021\/01\/Racing-Radios-One-way-Radio-System--300x97.jpg 300w, https:\/\/racing-radios.com\/wp-content\/uploads\/2021\/01\/Racing-Radios-One-way-Radio-System--768x249.jpg 768w, https:\/\/racing-radios.com\/wp-content\/uploads\/2021\/01\/Racing-Radios-One-way-Radio-System--1536x497.jpg 1536w, https:\/\/racing-radios.com\/wp-content\/uploads\/2021\/01\/Racing-Radios-One-way-Radio-System--2048x663.jpg 2048w, https:\/\/racing-radios.com\/wp-content\/uploads\/2021\/01\/Racing-Radios-One-way-Radio-System--1080x350.jpg 1080w, https:\/\/racing-radios.com\/wp-content\/uploads\/2021\/01\/Racing-Radios-One-way-Radio-System--1280x414.jpg 1280w, https:\/\/racing-radios.com\/wp-content\/uploads\/2021\/01\/Racing-Radios-One-way-Radio-System--980x317.jpg 980w, https:\/\/racing-radios.com\/wp-content\/uploads\/2021\/01\/Racing-Radios-One-way-Radio-System--480x155.jpg 480w\" sizes=\"(max-width: 800px) 100vw, 800px\" \/>\t\t\t\t\t\t\t\t<\/a>\n\t\t\t\t\t\t\t\t\t\t\t\t\t\t\t<\/div>\n\t\t\t\t<\/div>\n\t\t\t\t\t<\/div>\n\t\t<\/div>\n\t\t\t\t\t<\/div>\n\t\t<\/section>\n\t\t\t\t<\/div>","protected":false},"excerpt":{"rendered":"<p>Complete Radio SYSTEMS What is the most appropriate Racing Radios system for our team ? It all depends on the style of racing your team will be running.most racing series on oval tracks and drag strips only requires portable radios to do the job. See Racing Radios Oval tracks radio system Road courses race teams [&hellip;]<\/p>\n","protected":false},"author":12,"featured_media":225719,"parent":0,"menu_order":0,"comment_status":"closed","ping_status":"closed","template":"elementor_header_footer","meta":{"footnotes":""},"class_list":["post-227311","page","type-page","status-publish","has-post-thumbnail","hentry"],"aioseo_notices":[],"_links":{"self":[{"href":"https:\/\/racing-radios.com\/fr\/wp-json\/wp\/v2\/pages\/227311","targetHints":{"allow":["GET"]}}],"collection":[{"href":"https:\/\/racing-radios.com\/fr\/wp-json\/wp\/v2\/pages"}],"about":[{"href":"https:\/\/racing-radios.com\/fr\/wp-json\/wp\/v2\/types\/page"}],"author":[{"embeddable":true,"href":"https:\/\/racing-radios.com\/fr\/wp-json\/wp\/v2\/users\/12"}],"replies":[{"embeddable":true,"href":"https:\/\/racing-radios.com\/fr\/wp-json\/wp\/v2\/comments?post=227311"}],"version-history":[{"count":82,"href":"https:\/\/racing-radios.com\/fr\/wp-json\/wp\/v2\/pages\/227311\/revisions"}],"predecessor-version":[{"id":231270,"href":"https:\/\/racing-radios.com\/fr\/wp-json\/wp\/v2\/pages\/227311\/revisions\/231270"}],"wp:featuredmedia":[{"embeddable":true,"href":"https:\/\/racing-radios.com\/fr\/wp-json\/wp\/v2\/media\/225719"}],"wp:attachment":[{"href":"https:\/\/racing-radios.com\/fr\/wp-json\/wp\/v2\/media?parent=227311"}],"curies":[{"name":"wp","href":"https:\/\/api.w.org\/{rel}","templated":true}]}}