{"id":223792,"date":"2020-11-20T03:44:06","date_gmt":"2020-11-20T03:44:06","guid":{"rendered":"http:\/\/racing-radios.com\/product\/import-placeholder-for-629\/"},"modified":"2026-04-03T15:51:40","modified_gmt":"2026-04-03T15:51:40","slug":"150-ohms-miniature-noise-cancelling-dynamic-microphone-with-flex-boom","status":"publish","type":"product","link":"http:\/\/racing-radios.com\/fr\/produit\/150-ohms-miniature-noise-cancelling-dynamic-microphone-with-flex-boom\/","title":{"rendered":"150 Ohms Miniature noise cancelling dynamic microphone with flex boom"},"content":{"rendered":"<p>150 Ohms Miniature noise cancelling dynamic microphone with flex boom<\/p>","protected":false},"excerpt":{"rendered":"<p>Microphone miniature antibruit tr\u00e8s populaire pour r\u00e9parer ou remplacer  les microphones existants ou d\u00e9fectueux<\/p>","protected":false},"featured_media":230345,"template":"","meta":[],"product_brand":[],"product_cat":[123],"product_tag":[397,396],"class_list":{"0":"post-223792","1":"product","2":"type-product","3":"status-publish","4":"has-post-thumbnail","6":"product_cat-helmet-kits-parts","7":"product_tag-150-ohm-flex-boom-mic","8":"product_tag-helmet-miniature-microphone","10":"first","11":"instock","12":"taxable","13":"shipping-taxable","14":"purchasable","15":"product-type-simple"},"aioseo_notices":[],"_links":{"self":[{"href":"http:\/\/racing-radios.com\/fr\/wp-json\/wp\/v2\/product\/223792","targetHints":{"allow":["GET"]}}],"collection":[{"href":"http:\/\/racing-radios.com\/fr\/wp-json\/wp\/v2\/product"}],"about":[{"href":"http:\/\/racing-radios.com\/fr\/wp-json\/wp\/v2\/types\/product"}],"version-history":[{"count":2,"href":"http:\/\/racing-radios.com\/fr\/wp-json\/wp\/v2\/product\/223792\/revisions"}],"predecessor-version":[{"id":229678,"href":"http:\/\/racing-radios.com\/fr\/wp-json\/wp\/v2\/product\/223792\/revisions\/229678"}],"wp:featuredmedia":[{"embeddable":true,"href":"http:\/\/racing-radios.com\/fr\/wp-json\/wp\/v2\/media\/230345"}],"wp:attachment":[{"href":"http:\/\/racing-radios.com\/fr\/wp-json\/wp\/v2\/media?parent=223792"}],"wp:term":[{"taxonomy":"product_brand","embeddable":true,"href":"http:\/\/racing-radios.com\/fr\/wp-json\/wp\/v2\/product_brand?post=223792"},{"taxonomy":"product_cat","embeddable":true,"href":"http:\/\/racing-radios.com\/fr\/wp-json\/wp\/v2\/product_cat?post=223792"},{"taxonomy":"product_tag","embeddable":true,"href":"http:\/\/racing-radios.com\/fr\/wp-json\/wp\/v2\/product_tag?post=223792"}],"curies":[{"name":"wp","href":"https:\/\/api.w.org\/{rel}","templated":true}]}}